{"id":727,"date":"2016-05-11T05:43:35","date_gmt":"2016-05-11T05:43:35","guid":{"rendered":"http:\/\/basketball.stylemixthemes.com\/?page_id=727"},"modified":"2024-03-28T08:21:15","modified_gmt":"2024-03-28T08:21:15","slug":"trophy-room","status":"publish","type":"page","link":"https:\/\/vasasbasket.hu\/index.php\/trophy-room\/","title":{"rendered":"Tr\u00f3fe\u00e1k"},"content":{"rendered":"<div class=\"wpb-content-wrapper\"><p>[vc_row full_width=&#8221;stretch_row&#8221; css=&#8221;.vc_custom_1506607028166{background-color: #f0f0f0 !important;}&#8221;][vc_column][stm_team_history feature=&#8221;%5B%7B%22year%22%3A%222017%2F18%22%2C%22title%22%3A%22Vasas%20%22%2C%22content%22%3A%22junior%201%20hely%20%2F%20kadett%202.%20hely%20%2F%20serd%C3%BCl%C5%91%205.%20hely%22%7D%2C%7B%22year%22%3A%222016%2F17%22%2C%22title%22%3A%22Vasas%20Akad%C3%A9mia%22%2C%22content%22%3A%22Kadett%201%20hely%20%20%2F%20%20Junior%202.%20hely%20%20%2F%20%20Serd%C3%BCl%C5%91%202.%20hely%22%7D%2C%7B%22year%22%3A%222015%2F16%22%2C%22title%22%3A%22Vasas%20Akad%C3%A9mia%22%2C%22content%22%3A%22Junior%202.%20hely%20%20%2F%20%20Kadett%202.%20hely%20%20%2F%20%20Serd%C3%BCl%C5%91%202.%20hely%20%20%22%7D%2C%7B%22year%22%3A%222014%2F15%22%2C%22title%22%3A%22Vasas%20Akad%C3%A9mia%22%2C%22content%22%3A%22Junior%203.%20hely%20%20%2F%20%20Kadett%202.%20hely%20%20%2F%20%20Serd%C3%BCl%C5%91%201%20hely%20%20%2F%20%20Tini%202.%20hely%22%7D%2C%7B%22year%22%3A%222013%2F14%22%2C%22title%22%3A%22Vasas%20Akad%C3%A9mia%22%2C%22content%22%3A%22Junior%201.%20hely%20%20%2F%20%20Kadett%201.%20hely%20%20%2F%20%20Serd%C3%BCl%C5%91%201.%20hely%20%20%2F%20%20Tini%202.%20hely%5Cn%22%7D%2C%7B%22year%22%3A%222012%2F13%22%2C%22title%22%3A%22Vasas%20Akad%C3%A9mia%22%2C%22content%22%3A%22Junior%201.%20hely%20%20%2F%20%20Kadett%204.%20hely%20%20%2F%20%20Serd%C3%BCl%C5%91%201.%20hely%20%20%2F%20%20Tini%205.%20hely%5Cn%22%7D%2C%7B%22year%22%3A%222011%2F12%22%2C%22title%22%3A%22Vasas%20Basket%22%2C%22content%22%3A%22Junior%204.%20hely%20%20%2F%20%20Kadett%201.%20hely%20%20%2F%20%20Serd%C3%BCl%C5%91%201.%20hely%5Cn%22%7D%2C%7B%22year%22%3A%222010%2F11%22%2C%22title%22%3A%22Vasas%20-%20Csata%22%2C%22content%22%3A%22Junior%205.%20hely%20%20%2F%20%20Kadett%201.%20hely%20%20%2F%20%20Serd%C3%BCl%C5%91%202.%20hely%5Cn%22%7D%5D&#8221;][vc_empty_space][\/vc_column][\/vc_row][vc_row][vc_column][vc_empty_space][\/vc_column][\/vc_row][vc_row][vc_column][vc_custom_heading text=&#8221;2016 \u2013 2017 KADETT BAJNOKA A VASAS&#8221; font_container=&#8221;tag:h2|text_align:center&#8221; use_theme_fonts=&#8221;yes&#8221;][\/vc_column][\/vc_row][vc_row][vc_column][vc_empty_space][\/vc_column][\/vc_row][vc_row css=&#8221;.vc_custom_1506607064558{margin-top: -60px !important;margin-bottom: 40px !important;}&#8221;][vc_column][vc_video link=&#8221;https:\/\/www.youtube.com\/embed\/sQ8sB67UiJE&#8221; align=&#8221;center&#8221;][\/vc_column][\/vc_row][vc_row full_width=&#8221;stretch_row&#8221; css=&#8221;.vc_custom_1711614059186{margin-bottom: 0px !important;padding-top: 53px !important;padding-bottom: 47px !important;background-color: #dd3333 !important;}&#8221;][vc_column css=&#8221;.vc_custom_1461760085996{padding-top: 0px !important;}&#8221;][vc_column_text css=&#8221;.vc_custom_1503931834773{margin-bottom: 0px !important;}&#8221;]<\/p>\n<h3 style=\"text-align: center; letter-spacing: 2px;\"><span style=\"color: #ffffff;\">K\u00e9sz\u00fclj vel\u00fcnk,<\/span>\u00a0<span class=\"stm-red\">legy\u00e9l te is gy\u0151ztes!<\/span><\/h3>\n<p>[\/vc_column_text][\/vc_column][\/vc_row]<\/p>\n<\/div>","protected":false},"excerpt":{"rendered":"<p>[vc_row full_width=&#8221;stretch_row&#8221; css=&#8221;.vc_custom_1506607028166{background-color: #f0f0f0 !important;}&#8221;][vc_column][stm_team_history feature=&#8221;%5B%7B%22year%22%3A%222017%2F18%22%2C%22title%22%3A%22Vasas%20%22%2C%22content%22%3A%22junior%201%20hely%20%2F%20kadett%202.%20hely%20%2F%20serd%C3%BCl%C5%91%205.%20hely%22%7D%2C%7B%22year%22%3A%222016%2F17%22%2C%22title%22%3A%22Vasas%20Akad%C3%A9mia%22%2C%22content%22%3A%22Kadett%201%20hely%20%20%2F%20%20Junior%202.%20hely%20%20%2F%20%20Serd%C3%BCl%C5%91%202.%20hely%22%7D%2C%7B%22year%22%3A%222015%2F16%22%2C%22title%22%3A%22Vasas%20Akad%C3%A9mia%22%2C%22content%22%3A%22Junior%202.%20hely%20%20%2F%20%20Kadett%202.%20hely%20%20%2F%20%20Serd%C3%BCl%C5%91%202.%20hely%20%20%22%7D%2C%7B%22year%22%3A%222014%2F15%22%2C%22title%22%3A%22Vasas%20Akad%C3%A9mia%22%2C%22content%22%3A%22Junior%203.%20hely%20%20%2F%20%20Kadett%202.%20hely%20%20%2F%20%20Serd%C3%BCl%C5%91%201%20hely%20%20%2F%20%20Tini%202.%20hely%22%7D%2C%7B%22year%22%3A%222013%2F14%22%2C%22title%22%3A%22Vasas%20Akad%C3%A9mia%22%2C%22content%22%3A%22Junior%201.%20hely%20%20%2F%20%20Kadett%201.%20hely%20%20%2F%20%20Serd%C3%BCl%C5%91%201.%20hely%20%20%2F%20%20Tini%202.%20hely%5Cn%22%7D%2C%7B%22year%22%3A%222012%2F13%22%2C%22title%22%3A%22Vasas%20Akad%C3%A9mia%22%2C%22content%22%3A%22Junior%201.%20hely%20%20%2F%20%20Kadett%204.%20hely%20%20%2F%20%20Serd%C3%BCl%C5%91%201.%20hely%20%20%2F%20%20Tini%205.%20hely%5Cn%22%7D%2C%7B%22year%22%3A%222011%2F12%22%2C%22title%22%3A%22Vasas%20Basket%22%2C%22content%22%3A%22Junior%204.%20hely%20%20%2F%20%20Kadett%201.%20hely%20%20%2F%20%20Serd%C3%BCl%C5%91%201.%20hely%5Cn%22%7D%2C%7B%22year%22%3A%222010%2F11%22%2C%22title%22%3A%22Vasas%20-%20Csata%22%2C%22content%22%3A%22Junior%205.%20hely%20%20%2F%20%20Kadett%201.%20hely%20%20%2F%20%20Serd%C3%BCl%C5%91%202.%20hely%5Cn%22%7D%5D&#8221;][vc_empty_space][\/vc_column][\/vc_row][vc_row][vc_column][vc_empty_space][\/vc_column][\/vc_row][vc_row][vc_column][vc_custom_heading text=&#8221;2016 \u2013 2017 KADETT BAJNOKA A VASAS&#8221; font_container=&#8221;tag:h2|text_align:center&#8221; use_theme_fonts=&#8221;yes&#8221;][\/vc_column][\/vc_row][vc_row][vc_column][vc_empty_space][\/vc_column][\/vc_row][vc_row css=&#8221;.vc_custom_1506607064558{margin-top: -60px !important;margin-bottom: 40px !important;}&#8221;][vc_column][vc_video link=&#8221;https:\/\/www.youtube.com\/embed\/sQ8sB67UiJE&#8221; align=&#8221;center&#8221;][\/vc_column][\/vc_row][vc_row full_width=&#8221;stretch_row&#8221; css=&#8221;.vc_custom_1711614059186{margin-bottom: 0px !important;padding-top: 53px !important;padding-bottom: 47px !important;background-color: #dd3333 !important;}&#8221;][vc_column css=&#8221;.vc_custom_1461760085996{padding-top: 0px !important;}&#8221;][vc_column_text css=&#8221;.vc_custom_1503931834773{margin-bottom: 0px !important;}&#8221;] K\u00e9sz\u00fclj vel\u00fcnk,\u00a0legy\u00e9l te is gy\u0151ztes! [\/vc_column_text][\/vc_column][\/vc_row]<\/p>\n","protected":false},"author":1,"featured_media":0,"parent":0,"menu_order":0,"comment_status":"closed","ping_status":"closed","template":"","meta":{"footnotes":""},"class_list":["post-727","page","type-page","status-publish","hentry"],"yoast_head":"<!-- This site is optimized with the Yoast SEO plugin v26.0 - https:\/\/yoast.com\/wordpress\/plugins\/seo\/ -->\n<title>Tr\u00f3fe\u00e1k - Vasas n\u0151i kos\u00e1rlabda<\/title>\n<meta name=\"robots\" content=\"index, follow, max-snippet:-1, max-image-preview:large, max-video-preview:-1\" \/>\n<link rel=\"canonical\" href=\"https:\/\/vasasbasket.hu\/index.php\/trophy-room\/\" \/>\n<meta property=\"og:locale\" content=\"hu_HU\" \/>\n<meta property=\"og:type\" content=\"article\" \/>\n<meta property=\"og:title\" content=\"Tr\u00f3fe\u00e1k - Vasas n\u0151i kos\u00e1rlabda\" \/>\n<meta property=\"og:description\" content=\"[vc_row full_width=&#8221;stretch_row&#8221; css=&#8221;.vc_custom_1506607028166{background-color: #f0f0f0 !important;}&#8221;][vc_column][stm_team_history feature=&#8221;%5B%7B%22year%22%3A%222017%2F18%22%2C%22title%22%3A%22Vasas%20%22%2C%22content%22%3A%22junior%201%20hely%20%2F%20kadett%202.%20hely%20%2F%20serd%C3%BCl%C5%91%205.%20hely%22%7D%2C%7B%22year%22%3A%222016%2F17%22%2C%22title%22%3A%22Vasas%20Akad%C3%A9mia%22%2C%22content%22%3A%22Kadett%201%20hely%20%20%2F%20%20Junior%202.%20hely%20%20%2F%20%20Serd%C3%BCl%C5%91%202.%20hely%22%7D%2C%7B%22year%22%3A%222015%2F16%22%2C%22title%22%3A%22Vasas%20Akad%C3%A9mia%22%2C%22content%22%3A%22Junior%202.%20hely%20%20%2F%20%20Kadett%202.%20hely%20%20%2F%20%20Serd%C3%BCl%C5%91%202.%20hely%20%20%22%7D%2C%7B%22year%22%3A%222014%2F15%22%2C%22title%22%3A%22Vasas%20Akad%C3%A9mia%22%2C%22content%22%3A%22Junior%203.%20hely%20%20%2F%20%20Kadett%202.%20hely%20%20%2F%20%20Serd%C3%BCl%C5%91%201%20hely%20%20%2F%20%20Tini%202.%20hely%22%7D%2C%7B%22year%22%3A%222013%2F14%22%2C%22title%22%3A%22Vasas%20Akad%C3%A9mia%22%2C%22content%22%3A%22Junior%201.%20hely%20%20%2F%20%20Kadett%201.%20hely%20%20%2F%20%20Serd%C3%BCl%C5%91%201.%20hely%20%20%2F%20%20Tini%202.%20hely%5Cn%22%7D%2C%7B%22year%22%3A%222012%2F13%22%2C%22title%22%3A%22Vasas%20Akad%C3%A9mia%22%2C%22content%22%3A%22Junior%201.%20hely%20%20%2F%20%20Kadett%204.%20hely%20%20%2F%20%20Serd%C3%BCl%C5%91%201.%20hely%20%20%2F%20%20Tini%205.%20hely%5Cn%22%7D%2C%7B%22year%22%3A%222011%2F12%22%2C%22title%22%3A%22Vasas%20Basket%22%2C%22content%22%3A%22Junior%204.%20hely%20%20%2F%20%20Kadett%201.%20hely%20%20%2F%20%20Serd%C3%BCl%C5%91%201.%20hely%5Cn%22%7D%2C%7B%22year%22%3A%222010%2F11%22%2C%22title%22%3A%22Vasas%20-%20Csata%22%2C%22content%22%3A%22Junior%205.%20hely%20%20%2F%20%20Kadett%201.%20hely%20%20%2F%20%20Serd%C3%BCl%C5%91%202.%20hely%5Cn%22%7D%5D&#8221;][vc_empty_space][\/vc_column][\/vc_row][vc_row][vc_column][vc_empty_space][\/vc_column][\/vc_row][vc_row][vc_column][vc_custom_heading text=&#8221;2016 \u2013 2017 KADETT BAJNOKA A VASAS&#8221; font_container=&#8221;tag:h2|text_align:center&#8221; use_theme_fonts=&#8221;yes&#8221;][\/vc_column][\/vc_row][vc_row][vc_column][vc_empty_space][\/vc_column][\/vc_row][vc_row css=&#8221;.vc_custom_1506607064558{margin-top: -60px !important;margin-bottom: 40px !important;}&#8221;][vc_column][vc_video link=&#8221;https:\/\/www.youtube.com\/embed\/sQ8sB67UiJE&#8221; align=&#8221;center&#8221;][\/vc_column][\/vc_row][vc_row full_width=&#8221;stretch_row&#8221; css=&#8221;.vc_custom_1711614059186{margin-bottom: 0px !important;padding-top: 53px !important;padding-bottom: 47px !important;background-color: #dd3333 !important;}&#8221;][vc_column css=&#8221;.vc_custom_1461760085996{padding-top: 0px !important;}&#8221;][vc_column_text css=&#8221;.vc_custom_1503931834773{margin-bottom: 0px !important;}&#8221;] K\u00e9sz\u00fclj vel\u00fcnk,\u00a0legy\u00e9l te is gy\u0151ztes! [\/vc_column_text][\/vc_column][\/vc_row]\" \/>\n<meta property=\"og:url\" content=\"https:\/\/vasasbasket.hu\/index.php\/trophy-room\/\" \/>\n<meta property=\"og:site_name\" content=\"Vasas n\u0151i kos\u00e1rlabda\" \/>\n<meta property=\"article:publisher\" content=\"https:\/\/www.facebook.com\/vasaswbasket\/\" \/>\n<meta property=\"article:modified_time\" content=\"2024-03-28T08:21:15+00:00\" \/>\n<meta name=\"twitter:card\" content=\"summary_large_image\" \/>\n<meta name=\"twitter:label1\" content=\"Becs\u00fclt olvas\u00e1si id\u0151\" \/>\n\t<meta name=\"twitter:data1\" content=\"2 perc\" \/>\n<script type=\"application\/ld+json\" class=\"yoast-schema-graph\">{\"@context\":\"https:\/\/schema.org\",\"@graph\":[{\"@type\":\"WebPage\",\"@id\":\"https:\/\/vasasbasket.hu\/index.php\/trophy-room\/\",\"url\":\"https:\/\/vasasbasket.hu\/index.php\/trophy-room\/\",\"name\":\"Tr\u00f3fe\u00e1k - Vasas n\u0151i kos\u00e1rlabda\",\"isPartOf\":{\"@id\":\"https:\/\/vasasbasket.hu\/#website\"},\"datePublished\":\"2016-05-11T05:43:35+00:00\",\"dateModified\":\"2024-03-28T08:21:15+00:00\",\"breadcrumb\":{\"@id\":\"https:\/\/vasasbasket.hu\/index.php\/trophy-room\/#breadcrumb\"},\"inLanguage\":\"hu\",\"potentialAction\":[{\"@type\":\"ReadAction\",\"target\":[\"https:\/\/vasasbasket.hu\/index.php\/trophy-room\/\"]}]},{\"@type\":\"BreadcrumbList\",\"@id\":\"https:\/\/vasasbasket.hu\/index.php\/trophy-room\/#breadcrumb\",\"itemListElement\":[{\"@type\":\"ListItem\",\"position\":1,\"name\":\"Kezd\u0151lap\",\"item\":\"https:\/\/vasasbasket.hu\/\"},{\"@type\":\"ListItem\",\"position\":2,\"name\":\"Tr\u00f3fe\u00e1k\"}]},{\"@type\":\"WebSite\",\"@id\":\"https:\/\/vasasbasket.hu\/#website\",\"url\":\"https:\/\/vasasbasket.hu\/\",\"name\":\"Vasas n\u0151i kos\u00e1rlabda\",\"description\":\"Vasas Basket N\u0151i\",\"publisher\":{\"@id\":\"https:\/\/vasasbasket.hu\/#organization\"},\"potentialAction\":[{\"@type\":\"SearchAction\",\"target\":{\"@type\":\"EntryPoint\",\"urlTemplate\":\"https:\/\/vasasbasket.hu\/?s={search_term_string}\"},\"query-input\":{\"@type\":\"PropertyValueSpecification\",\"valueRequired\":true,\"valueName\":\"search_term_string\"}}],\"inLanguage\":\"hu\"},{\"@type\":\"Organization\",\"@id\":\"https:\/\/vasasbasket.hu\/#organization\",\"name\":\"Vasas n\u0151i kos\u00e1rlabda\",\"url\":\"https:\/\/vasasbasket.hu\/\",\"logo\":{\"@type\":\"ImageObject\",\"inLanguage\":\"hu\",\"@id\":\"https:\/\/vasasbasket.hu\/#\/schema\/logo\/image\/\",\"url\":\"https:\/\/vasasbasket.hu\/wp-content\/uploads\/2017\/03\/vasas_cimer_1200.jpg\",\"contentUrl\":\"https:\/\/vasasbasket.hu\/wp-content\/uploads\/2017\/03\/vasas_cimer_1200.jpg\",\"width\":1200,\"height\":1200,\"caption\":\"Vasas n\u0151i kos\u00e1rlabda\"},\"image\":{\"@id\":\"https:\/\/vasasbasket.hu\/#\/schema\/logo\/image\/\"},\"sameAs\":[\"https:\/\/www.facebook.com\/vasaswbasket\/\"]}]}<\/script>\n<!-- \/ Yoast SEO plugin. -->","yoast_head_json":{"title":"Tr\u00f3fe\u00e1k - Vasas n\u0151i kos\u00e1rlabda","robots":{"index":"index","follow":"follow","max-snippet":"max-snippet:-1","max-image-preview":"max-image-preview:large","max-video-preview":"max-video-preview:-1"},"canonical":"https:\/\/vasasbasket.hu\/index.php\/trophy-room\/","og_locale":"hu_HU","og_type":"article","og_title":"Tr\u00f3fe\u00e1k - Vasas n\u0151i kos\u00e1rlabda","og_description":"[vc_row full_width=&#8221;stretch_row&#8221; css=&#8221;.vc_custom_1506607028166{background-color: #f0f0f0 !important;}&#8221;][vc_column][stm_team_history feature=&#8221;%5B%7B%22year%22%3A%222017%2F18%22%2C%22title%22%3A%22Vasas%20%22%2C%22content%22%3A%22junior%201%20hely%20%2F%20kadett%202.%20hely%20%2F%20serd%C3%BCl%C5%91%205.%20hely%22%7D%2C%7B%22year%22%3A%222016%2F17%22%2C%22title%22%3A%22Vasas%20Akad%C3%A9mia%22%2C%22content%22%3A%22Kadett%201%20hely%20%20%2F%20%20Junior%202.%20hely%20%20%2F%20%20Serd%C3%BCl%C5%91%202.%20hely%22%7D%2C%7B%22year%22%3A%222015%2F16%22%2C%22title%22%3A%22Vasas%20Akad%C3%A9mia%22%2C%22content%22%3A%22Junior%202.%20hely%20%20%2F%20%20Kadett%202.%20hely%20%20%2F%20%20Serd%C3%BCl%C5%91%202.%20hely%20%20%22%7D%2C%7B%22year%22%3A%222014%2F15%22%2C%22title%22%3A%22Vasas%20Akad%C3%A9mia%22%2C%22content%22%3A%22Junior%203.%20hely%20%20%2F%20%20Kadett%202.%20hely%20%20%2F%20%20Serd%C3%BCl%C5%91%201%20hely%20%20%2F%20%20Tini%202.%20hely%22%7D%2C%7B%22year%22%3A%222013%2F14%22%2C%22title%22%3A%22Vasas%20Akad%C3%A9mia%22%2C%22content%22%3A%22Junior%201.%20hely%20%20%2F%20%20Kadett%201.%20hely%20%20%2F%20%20Serd%C3%BCl%C5%91%201.%20hely%20%20%2F%20%20Tini%202.%20hely%5Cn%22%7D%2C%7B%22year%22%3A%222012%2F13%22%2C%22title%22%3A%22Vasas%20Akad%C3%A9mia%22%2C%22content%22%3A%22Junior%201.%20hely%20%20%2F%20%20Kadett%204.%20hely%20%20%2F%20%20Serd%C3%BCl%C5%91%201.%20hely%20%20%2F%20%20Tini%205.%20hely%5Cn%22%7D%2C%7B%22year%22%3A%222011%2F12%22%2C%22title%22%3A%22Vasas%20Basket%22%2C%22content%22%3A%22Junior%204.%20hely%20%20%2F%20%20Kadett%201.%20hely%20%20%2F%20%20Serd%C3%BCl%C5%91%201.%20hely%5Cn%22%7D%2C%7B%22year%22%3A%222010%2F11%22%2C%22title%22%3A%22Vasas%20-%20Csata%22%2C%22content%22%3A%22Junior%205.%20hely%20%20%2F%20%20Kadett%201.%20hely%20%20%2F%20%20Serd%C3%BCl%C5%91%202.%20hely%5Cn%22%7D%5D&#8221;][vc_empty_space][\/vc_column][\/vc_row][vc_row][vc_column][vc_empty_space][\/vc_column][\/vc_row][vc_row][vc_column][vc_custom_heading text=&#8221;2016 \u2013 2017 KADETT BAJNOKA A VASAS&#8221; font_container=&#8221;tag:h2|text_align:center&#8221; use_theme_fonts=&#8221;yes&#8221;][\/vc_column][\/vc_row][vc_row][vc_column][vc_empty_space][\/vc_column][\/vc_row][vc_row css=&#8221;.vc_custom_1506607064558{margin-top: -60px !important;margin-bottom: 40px !important;}&#8221;][vc_column][vc_video link=&#8221;https:\/\/www.youtube.com\/embed\/sQ8sB67UiJE&#8221; align=&#8221;center&#8221;][\/vc_column][\/vc_row][vc_row full_width=&#8221;stretch_row&#8221; css=&#8221;.vc_custom_1711614059186{margin-bottom: 0px !important;padding-top: 53px !important;padding-bottom: 47px !important;background-color: #dd3333 !important;}&#8221;][vc_column css=&#8221;.vc_custom_1461760085996{padding-top: 0px !important;}&#8221;][vc_column_text css=&#8221;.vc_custom_1503931834773{margin-bottom: 0px !important;}&#8221;] K\u00e9sz\u00fclj vel\u00fcnk,\u00a0legy\u00e9l te is gy\u0151ztes! [\/vc_column_text][\/vc_column][\/vc_row]","og_url":"https:\/\/vasasbasket.hu\/index.php\/trophy-room\/","og_site_name":"Vasas n\u0151i kos\u00e1rlabda","article_publisher":"https:\/\/www.facebook.com\/vasaswbasket\/","article_modified_time":"2024-03-28T08:21:15+00:00","twitter_card":"summary_large_image","twitter_misc":{"Becs\u00fclt olvas\u00e1si id\u0151":"2 perc"},"schema":{"@context":"https:\/\/schema.org","@graph":[{"@type":"WebPage","@id":"https:\/\/vasasbasket.hu\/index.php\/trophy-room\/","url":"https:\/\/vasasbasket.hu\/index.php\/trophy-room\/","name":"Tr\u00f3fe\u00e1k - Vasas n\u0151i kos\u00e1rlabda","isPartOf":{"@id":"https:\/\/vasasbasket.hu\/#website"},"datePublished":"2016-05-11T05:43:35+00:00","dateModified":"2024-03-28T08:21:15+00:00","breadcrumb":{"@id":"https:\/\/vasasbasket.hu\/index.php\/trophy-room\/#breadcrumb"},"inLanguage":"hu","potentialAction":[{"@type":"ReadAction","target":["https:\/\/vasasbasket.hu\/index.php\/trophy-room\/"]}]},{"@type":"BreadcrumbList","@id":"https:\/\/vasasbasket.hu\/index.php\/trophy-room\/#breadcrumb","itemListElement":[{"@type":"ListItem","position":1,"name":"Kezd\u0151lap","item":"https:\/\/vasasbasket.hu\/"},{"@type":"ListItem","position":2,"name":"Tr\u00f3fe\u00e1k"}]},{"@type":"WebSite","@id":"https:\/\/vasasbasket.hu\/#website","url":"https:\/\/vasasbasket.hu\/","name":"Vasas n\u0151i kos\u00e1rlabda","description":"Vasas Basket N\u0151i","publisher":{"@id":"https:\/\/vasasbasket.hu\/#organization"},"potentialAction":[{"@type":"SearchAction","target":{"@type":"EntryPoint","urlTemplate":"https:\/\/vasasbasket.hu\/?s={search_term_string}"},"query-input":{"@type":"PropertyValueSpecification","valueRequired":true,"valueName":"search_term_string"}}],"inLanguage":"hu"},{"@type":"Organization","@id":"https:\/\/vasasbasket.hu\/#organization","name":"Vasas n\u0151i kos\u00e1rlabda","url":"https:\/\/vasasbasket.hu\/","logo":{"@type":"ImageObject","inLanguage":"hu","@id":"https:\/\/vasasbasket.hu\/#\/schema\/logo\/image\/","url":"https:\/\/vasasbasket.hu\/wp-content\/uploads\/2017\/03\/vasas_cimer_1200.jpg","contentUrl":"https:\/\/vasasbasket.hu\/wp-content\/uploads\/2017\/03\/vasas_cimer_1200.jpg","width":1200,"height":1200,"caption":"Vasas n\u0151i kos\u00e1rlabda"},"image":{"@id":"https:\/\/vasasbasket.hu\/#\/schema\/logo\/image\/"},"sameAs":["https:\/\/www.facebook.com\/vasaswbasket\/"]}]}},"_links":{"self":[{"href":"https:\/\/vasasbasket.hu\/index.php\/wp-json\/wp\/v2\/pages\/727","targetHints":{"allow":["GET"]}}],"collection":[{"href":"https:\/\/vasasbasket.hu\/index.php\/wp-json\/wp\/v2\/pages"}],"about":[{"href":"https:\/\/vasasbasket.hu\/index.php\/wp-json\/wp\/v2\/types\/page"}],"author":[{"embeddable":true,"href":"https:\/\/vasasbasket.hu\/index.php\/wp-json\/wp\/v2\/users\/1"}],"replies":[{"embeddable":true,"href":"https:\/\/vasasbasket.hu\/index.php\/wp-json\/wp\/v2\/comments?post=727"}],"version-history":[{"count":38,"href":"https:\/\/vasasbasket.hu\/index.php\/wp-json\/wp\/v2\/pages\/727\/revisions"}],"predecessor-version":[{"id":12880,"href":"https:\/\/vasasbasket.hu\/index.php\/wp-json\/wp\/v2\/pages\/727\/revisions\/12880"}],"wp:attachment":[{"href":"https:\/\/vasasbasket.hu\/index.php\/wp-json\/wp\/v2\/media?parent=727"}],"curies":[{"name":"wp","href":"https:\/\/api.w.org\/{rel}","templated":true}]}}