{"id":709,"date":"2016-05-10T09:55:45","date_gmt":"2016-05-10T09:55:45","guid":{"rendered":"http:\/\/basketball.stylemixthemes.com\/?page_id=709"},"modified":"2024-03-28T08:41:30","modified_gmt":"2024-03-28T08:41:30","slug":"contacts","status":"publish","type":"page","link":"https:\/\/vasasbasket.hu\/index.php\/contacts\/","title":{"rendered":"Kapcsolat"},"content":{"rendered":"<div class=\"wpb-content-wrapper\"><p>[vc_row css=&#8221;.vc_custom_1490630684901{margin-top: px !important;margin-bottom: 90px !important;}&#8221;][vc_column width=&#8221;2\/3&#8243;][vc_column_text css=&#8221;.vc_custom_1490006275645{margin-bottom: 45px !important;}&#8221;]<\/p>\n<h5 style=\"letter-spacing: 0.8px; margin-bottom: 30px;\">H\u00c9TF\u0150T\u0150L VAS\u00c1RNAPIG FOLYIK A MUNKA<\/h5>\n<p style=\"line-height: 20px;\">2011-ben a Vasas lett Magyarorsz\u00e1g els\u0151 akkredit\u00e1lt Kos\u00e1rlabda Akad\u00e9mi\u00e1ja. Az eredm\u00e9nyes szakmai munka \u00e9s a kiv\u00e1l\u00f3 k\u00f6r\u00fclm\u00e9nyek az MKOSZ figyelm\u00e9t is felkeltett\u00e9k.<\/p>\n<p>[\/vc_column_text][vc_row_inner][vc_column_inner width=&#8221;1\/2&#8243;][stm_contact_info image_size=&#8221;medium&#8221; image=&#8221;7372&#8243; title=&#8221;Moln\u00e1r Bertalan&#8221; subtitle=&#8221;Technikai vezet\u0151&#8221; phone=&#8221;+36303682945&#8243; email=&#8221;vasasbasket@pasaretsport.hu&#8221;][\/vc_column_inner][vc_column_inner width=&#8221;1\/2&#8243;][stm_contact_info image=&#8221;1048,1048,1048,1048&#8243; title=&#8221;Boly\u00f3 Judit&#8221; phone=&#8221;+06 30 949 1661&#8243; email=&#8221;judit.bolyo@pasaretsport.hu&#8221; subtitle=&#8221;Szakoszt\u00e1ly eln\u00f6k&#8221;][\/vc_column_inner][\/vc_row_inner][\/vc_column][vc_column width=&#8221;1\/3&#8243;][vc_row_inner][vc_column_inner][vc_column_text css=&#8221;.vc_custom_1490006391181{margin-bottom: 30px !important;}&#8221;]<\/p>\n<h3>\u00cdRJ NEK\u00dcNK<\/h3>\n<p>[\/vc_column_text][\/vc_column_inner][\/vc_row_inner]\n<div class=\"wpcf7 no-js\" id=\"wpcf7-f89-o1\" lang=\"en-US\" dir=\"ltr\" data-wpcf7-id=\"89\">\n<div class=\"screen-reader-response\"><p role=\"status\" aria-live=\"polite\" aria-atomic=\"true\"><\/p> <ul><\/ul><\/div>\n<form action=\"\/index.php\/wp-json\/wp\/v2\/pages\/709#wpcf7-f89-o1\" method=\"post\" class=\"wpcf7-form init\" aria-label=\"Contact form\" novalidate=\"novalidate\" data-status=\"init\">\n<fieldset class=\"hidden-fields-container\"><input type=\"hidden\" name=\"_wpcf7\" value=\"89\" \/><input type=\"hidden\" name=\"_wpcf7_version\" value=\"6.1.5\" \/><input type=\"hidden\" name=\"_wpcf7_locale\" value=\"en_US\" \/><input type=\"hidden\" name=\"_wpcf7_unit_tag\" value=\"wpcf7-f89-o1\" \/><input type=\"hidden\" name=\"_wpcf7_container_post\" value=\"0\" \/><input type=\"hidden\" name=\"_wpcf7_posted_data_hash\" value=\"\" \/>\n<\/fieldset>\n<p><span class=\"wpcf7-form-control-wrap\" data-name=\"your-subject\"><input size=\"40\" maxlength=\"400\" class=\"wpcf7-form-control wpcf7-text style-2\" aria-invalid=\"false\" placeholder=\"T\u00e1rgy\" value=\"\" type=\"text\" name=\"your-subject\" \/><\/span>\n<\/p>\n<p><span class=\"wpcf7-form-control-wrap\" data-name=\"your-name\"><input size=\"40\" maxlength=\"400\" class=\"wpcf7-form-control wpcf7-text wpcf7-validates-as-required style-2\" aria-required=\"true\" aria-invalid=\"false\" placeholder=\"Neved\" value=\"\" type=\"text\" name=\"your-name\" \/><\/span>\n<\/p>\n<p><span class=\"wpcf7-form-control-wrap\" data-name=\"your-email\"><input size=\"40\" maxlength=\"400\" class=\"wpcf7-form-control wpcf7-email wpcf7-validates-as-required wpcf7-text wpcf7-validates-as-email style-2\" aria-required=\"true\" aria-invalid=\"false\" placeholder=\"E-mail c\u00edmed\" value=\"\" type=\"email\" name=\"your-email\" \/><\/span>\n<\/p>\n<p><span class=\"wpcf7-form-control-wrap\" data-name=\"class:style-2\"><textarea cols=\"40\" rows=\"10\" maxlength=\"2000\" class=\"wpcf7-form-control wpcf7-textarea style-2\" aria-invalid=\"false\" placeholder=\"\u00dczenet\" name=\"class:style-2\"><\/textarea><\/span>\n<\/p>\n<p><input class=\"wpcf7-form-control wpcf7-submit has-spinner btn-md\" type=\"submit\" value=\"K\u00fcld\u00e9s\" \/>\n<\/p><input type='hidden' class='wpcf7-pum' value='{\"closepopup\":false,\"closedelay\":0,\"openpopup\":false,\"openpopup_id\":0}' \/><div class=\"wpcf7-response-output\" aria-hidden=\"true\"><\/div>\n<\/form>\n<\/div>\n[\/vc_column][\/vc_row][vc_row full_width=&#8221;stretch_row_content_no_spaces&#8221;][vc_column][stm_gmap map_height=&#8221;500px&#8221; map_zoom=&#8221;18&#8243; lat=&#8221;47.5125208&#8243; lng=&#8221;19.008165&#8243;][\/vc_column][\/vc_row]<\/p>\n<\/div>","protected":false},"excerpt":{"rendered":"<p>[vc_row css=&#8221;.vc_custom_1490630684901{margin-top: px !important;margin-bottom: 90px !important;}&#8221;][vc_column width=&#8221;2\/3&#8243;][vc_column_text css=&#8221;.vc_custom_1490006275645{margin-bottom: 45px !important;}&#8221;] H\u00c9TF\u0150T\u0150L VAS\u00c1RNAPIG FOLYIK A MUNKA 2011-ben a Vasas lett Magyarorsz\u00e1g els\u0151 akkredit\u00e1lt Kos\u00e1rlabda Akad\u00e9mi\u00e1ja. Az eredm\u00e9nyes szakmai munka \u00e9s a kiv\u00e1l\u00f3 k\u00f6r\u00fclm\u00e9nyek az MKOSZ figyelm\u00e9t is felkeltett\u00e9k. [\/vc_column_text][vc_row_inner][vc_column_inner width=&#8221;1\/2&#8243;][stm_contact_info image_size=&#8221;medium&#8221; image=&#8221;7372&#8243; title=&#8221;Moln\u00e1r Bertalan&#8221; subtitle=&#8221;Technikai vezet\u0151&#8221; phone=&#8221;+36303682945&#8243; email=&#8221;vasasbasket@pasaretsport.hu&#8221;][\/vc_column_inner][vc_column_inner width=&#8221;1\/2&#8243;][stm_contact_info image=&#8221;1048,1048,1048,1048&#8243; title=&#8221;Boly\u00f3 Judit&#8221; phone=&#8221;+06 30 949 1661&#8243;&#8230;<\/p>\n","protected":false},"author":1,"featured_media":0,"parent":0,"menu_order":0,"comment_status":"closed","ping_status":"closed","template":"","meta":{"footnotes":""},"class_list":["post-709","page","type-page","status-publish","hentry"],"yoast_head":"<!-- This site is optimized with the Yoast SEO plugin v26.0 - https:\/\/yoast.com\/wordpress\/plugins\/seo\/ -->\n<title>Kapcsolat - Vasas n\u0151i kos\u00e1rlabda<\/title>\n<meta name=\"robots\" content=\"index, follow, max-snippet:-1, max-image-preview:large, max-video-preview:-1\" \/>\n<link rel=\"canonical\" href=\"https:\/\/vasasbasket.hu\/index.php\/contacts\/\" \/>\n<meta property=\"og:locale\" content=\"hu_HU\" \/>\n<meta property=\"og:type\" content=\"article\" \/>\n<meta property=\"og:title\" content=\"Kapcsolat - Vasas n\u0151i kos\u00e1rlabda\" \/>\n<meta property=\"og:description\" content=\"[vc_row css=&#8221;.vc_custom_1490630684901{margin-top: px !important;margin-bottom: 90px !important;}&#8221;][vc_column width=&#8221;2\/3&#8243;][vc_column_text css=&#8221;.vc_custom_1490006275645{margin-bottom: 45px !important;}&#8221;] H\u00c9TF\u0150T\u0150L VAS\u00c1RNAPIG FOLYIK A MUNKA 2011-ben a Vasas lett Magyarorsz\u00e1g els\u0151 akkredit\u00e1lt Kos\u00e1rlabda Akad\u00e9mi\u00e1ja. Az eredm\u00e9nyes szakmai munka \u00e9s a kiv\u00e1l\u00f3 k\u00f6r\u00fclm\u00e9nyek az MKOSZ figyelm\u00e9t is felkeltett\u00e9k. [\/vc_column_text][vc_row_inner][vc_column_inner width=&#8221;1\/2&#8243;][stm_contact_info image_size=&#8221;medium&#8221; image=&#8221;7372&#8243; title=&#8221;Moln\u00e1r Bertalan&#8221; subtitle=&#8221;Technikai vezet\u0151&#8221; phone=&#8221;+36303682945&#8243; email=&#8221;vasasbasket@pasaretsport.hu&#8221;][\/vc_column_inner][vc_column_inner width=&#8221;1\/2&#8243;][stm_contact_info image=&#8221;1048,1048,1048,1048&#8243; title=&#8221;Boly\u00f3 Judit&#8221; phone=&#8221;+06 30 949 1661&#8243;...\" \/>\n<meta property=\"og:url\" content=\"https:\/\/vasasbasket.hu\/index.php\/contacts\/\" \/>\n<meta property=\"og:site_name\" content=\"Vasas n\u0151i kos\u00e1rlabda\" \/>\n<meta property=\"article:publisher\" content=\"https:\/\/www.facebook.com\/vasaswbasket\/\" \/>\n<meta property=\"article:modified_time\" content=\"2024-03-28T08:41:30+00:00\" \/>\n<meta name=\"twitter:card\" content=\"summary_large_image\" \/>\n<meta name=\"twitter:label1\" content=\"Becs\u00fclt olvas\u00e1si id\u0151\" \/>\n\t<meta name=\"twitter:data1\" content=\"1 perc\" \/>\n<script type=\"application\/ld+json\" class=\"yoast-schema-graph\">{\"@context\":\"https:\/\/schema.org\",\"@graph\":[{\"@type\":\"WebPage\",\"@id\":\"https:\/\/vasasbasket.hu\/index.php\/contacts\/\",\"url\":\"https:\/\/vasasbasket.hu\/index.php\/contacts\/\",\"name\":\"Kapcsolat - Vasas n\u0151i kos\u00e1rlabda\",\"isPartOf\":{\"@id\":\"https:\/\/vasasbasket.hu\/#website\"},\"datePublished\":\"2016-05-10T09:55:45+00:00\",\"dateModified\":\"2024-03-28T08:41:30+00:00\",\"breadcrumb\":{\"@id\":\"https:\/\/vasasbasket.hu\/index.php\/contacts\/#breadcrumb\"},\"inLanguage\":\"hu\",\"potentialAction\":[{\"@type\":\"ReadAction\",\"target\":[\"https:\/\/vasasbasket.hu\/index.php\/contacts\/\"]}]},{\"@type\":\"BreadcrumbList\",\"@id\":\"https:\/\/vasasbasket.hu\/index.php\/contacts\/#breadcrumb\",\"itemListElement\":[{\"@type\":\"ListItem\",\"position\":1,\"name\":\"Kezd\u0151lap\",\"item\":\"https:\/\/vasasbasket.hu\/\"},{\"@type\":\"ListItem\",\"position\":2,\"name\":\"Kapcsolat\"}]},{\"@type\":\"WebSite\",\"@id\":\"https:\/\/vasasbasket.hu\/#website\",\"url\":\"https:\/\/vasasbasket.hu\/\",\"name\":\"Vasas n\u0151i kos\u00e1rlabda\",\"description\":\"Vasas Basket N\u0151i\",\"publisher\":{\"@id\":\"https:\/\/vasasbasket.hu\/#organization\"},\"potentialAction\":[{\"@type\":\"SearchAction\",\"target\":{\"@type\":\"EntryPoint\",\"urlTemplate\":\"https:\/\/vasasbasket.hu\/?s={search_term_string}\"},\"query-input\":{\"@type\":\"PropertyValueSpecification\",\"valueRequired\":true,\"valueName\":\"search_term_string\"}}],\"inLanguage\":\"hu\"},{\"@type\":\"Organization\",\"@id\":\"https:\/\/vasasbasket.hu\/#organization\",\"name\":\"Vasas n\u0151i kos\u00e1rlabda\",\"url\":\"https:\/\/vasasbasket.hu\/\",\"logo\":{\"@type\":\"ImageObject\",\"inLanguage\":\"hu\",\"@id\":\"https:\/\/vasasbasket.hu\/#\/schema\/logo\/image\/\",\"url\":\"https:\/\/vasasbasket.hu\/wp-content\/uploads\/2017\/03\/vasas_cimer_1200.jpg\",\"contentUrl\":\"https:\/\/vasasbasket.hu\/wp-content\/uploads\/2017\/03\/vasas_cimer_1200.jpg\",\"width\":1200,\"height\":1200,\"caption\":\"Vasas n\u0151i kos\u00e1rlabda\"},\"image\":{\"@id\":\"https:\/\/vasasbasket.hu\/#\/schema\/logo\/image\/\"},\"sameAs\":[\"https:\/\/www.facebook.com\/vasaswbasket\/\"]}]}<\/script>\n<!-- \/ Yoast SEO plugin. -->","yoast_head_json":{"title":"Kapcsolat - Vasas n\u0151i kos\u00e1rlabda","robots":{"index":"index","follow":"follow","max-snippet":"max-snippet:-1","max-image-preview":"max-image-preview:large","max-video-preview":"max-video-preview:-1"},"canonical":"https:\/\/vasasbasket.hu\/index.php\/contacts\/","og_locale":"hu_HU","og_type":"article","og_title":"Kapcsolat - Vasas n\u0151i kos\u00e1rlabda","og_description":"[vc_row css=&#8221;.vc_custom_1490630684901{margin-top: px !important;margin-bottom: 90px !important;}&#8221;][vc_column width=&#8221;2\/3&#8243;][vc_column_text css=&#8221;.vc_custom_1490006275645{margin-bottom: 45px !important;}&#8221;] H\u00c9TF\u0150T\u0150L VAS\u00c1RNAPIG FOLYIK A MUNKA 2011-ben a Vasas lett Magyarorsz\u00e1g els\u0151 akkredit\u00e1lt Kos\u00e1rlabda Akad\u00e9mi\u00e1ja. Az eredm\u00e9nyes szakmai munka \u00e9s a kiv\u00e1l\u00f3 k\u00f6r\u00fclm\u00e9nyek az MKOSZ figyelm\u00e9t is felkeltett\u00e9k. [\/vc_column_text][vc_row_inner][vc_column_inner width=&#8221;1\/2&#8243;][stm_contact_info image_size=&#8221;medium&#8221; image=&#8221;7372&#8243; title=&#8221;Moln\u00e1r Bertalan&#8221; subtitle=&#8221;Technikai vezet\u0151&#8221; phone=&#8221;+36303682945&#8243; email=&#8221;vasasbasket@pasaretsport.hu&#8221;][\/vc_column_inner][vc_column_inner width=&#8221;1\/2&#8243;][stm_contact_info image=&#8221;1048,1048,1048,1048&#8243; title=&#8221;Boly\u00f3 Judit&#8221; phone=&#8221;+06 30 949 1661&#8243;...","og_url":"https:\/\/vasasbasket.hu\/index.php\/contacts\/","og_site_name":"Vasas n\u0151i kos\u00e1rlabda","article_publisher":"https:\/\/www.facebook.com\/vasaswbasket\/","article_modified_time":"2024-03-28T08:41:30+00:00","twitter_card":"summary_large_image","twitter_misc":{"Becs\u00fclt olvas\u00e1si id\u0151":"1 perc"},"schema":{"@context":"https:\/\/schema.org","@graph":[{"@type":"WebPage","@id":"https:\/\/vasasbasket.hu\/index.php\/contacts\/","url":"https:\/\/vasasbasket.hu\/index.php\/contacts\/","name":"Kapcsolat - Vasas n\u0151i kos\u00e1rlabda","isPartOf":{"@id":"https:\/\/vasasbasket.hu\/#website"},"datePublished":"2016-05-10T09:55:45+00:00","dateModified":"2024-03-28T08:41:30+00:00","breadcrumb":{"@id":"https:\/\/vasasbasket.hu\/index.php\/contacts\/#breadcrumb"},"inLanguage":"hu","potentialAction":[{"@type":"ReadAction","target":["https:\/\/vasasbasket.hu\/index.php\/contacts\/"]}]},{"@type":"BreadcrumbList","@id":"https:\/\/vasasbasket.hu\/index.php\/contacts\/#breadcrumb","itemListElement":[{"@type":"ListItem","position":1,"name":"Kezd\u0151lap","item":"https:\/\/vasasbasket.hu\/"},{"@type":"ListItem","position":2,"name":"Kapcsolat"}]},{"@type":"WebSite","@id":"https:\/\/vasasbasket.hu\/#website","url":"https:\/\/vasasbasket.hu\/","name":"Vasas n\u0151i kos\u00e1rlabda","description":"Vasas Basket N\u0151i","publisher":{"@id":"https:\/\/vasasbasket.hu\/#organization"},"potentialAction":[{"@type":"SearchAction","target":{"@type":"EntryPoint","urlTemplate":"https:\/\/vasasbasket.hu\/?s={search_term_string}"},"query-input":{"@type":"PropertyValueSpecification","valueRequired":true,"valueName":"search_term_string"}}],"inLanguage":"hu"},{"@type":"Organization","@id":"https:\/\/vasasbasket.hu\/#organization","name":"Vasas n\u0151i kos\u00e1rlabda","url":"https:\/\/vasasbasket.hu\/","logo":{"@type":"ImageObject","inLanguage":"hu","@id":"https:\/\/vasasbasket.hu\/#\/schema\/logo\/image\/","url":"https:\/\/vasasbasket.hu\/wp-content\/uploads\/2017\/03\/vasas_cimer_1200.jpg","contentUrl":"https:\/\/vasasbasket.hu\/wp-content\/uploads\/2017\/03\/vasas_cimer_1200.jpg","width":1200,"height":1200,"caption":"Vasas n\u0151i kos\u00e1rlabda"},"image":{"@id":"https:\/\/vasasbasket.hu\/#\/schema\/logo\/image\/"},"sameAs":["https:\/\/www.facebook.com\/vasaswbasket\/"]}]}},"_links":{"self":[{"href":"https:\/\/vasasbasket.hu\/index.php\/wp-json\/wp\/v2\/pages\/709","targetHints":{"allow":["GET"]}}],"collection":[{"href":"https:\/\/vasasbasket.hu\/index.php\/wp-json\/wp\/v2\/pages"}],"about":[{"href":"https:\/\/vasasbasket.hu\/index.php\/wp-json\/wp\/v2\/types\/page"}],"author":[{"embeddable":true,"href":"https:\/\/vasasbasket.hu\/index.php\/wp-json\/wp\/v2\/users\/1"}],"replies":[{"embeddable":true,"href":"https:\/\/vasasbasket.hu\/index.php\/wp-json\/wp\/v2\/comments?post=709"}],"version-history":[{"count":33,"href":"https:\/\/vasasbasket.hu\/index.php\/wp-json\/wp\/v2\/pages\/709\/revisions"}],"predecessor-version":[{"id":7450,"href":"https:\/\/vasasbasket.hu\/index.php\/wp-json\/wp\/v2\/pages\/709\/revisions\/7450"}],"wp:attachment":[{"href":"https:\/\/vasasbasket.hu\/index.php\/wp-json\/wp\/v2\/media?parent=709"}],"curies":[{"name":"wp","href":"https:\/\/api.w.org\/{rel}","templated":true}]}}