{"id":4141,"date":"2018-05-17T07:43:56","date_gmt":"2018-05-17T07:43:56","guid":{"rendered":"http:\/\/vasasbasket.hu\/?page_id=4141"},"modified":"2026-04-21T14:47:05","modified_gmt":"2026-04-21T14:47:05","slug":"tao-dokumentumok","status":"publish","type":"page","link":"https:\/\/vasasbasket.hu\/index.php\/tao-dokumentumok\/","title":{"rendered":"TAO dokumentumok"},"content":{"rendered":"<div class=\"wpb-content-wrapper\"><p>[vc_row][vc_column][vc_custom_heading text=&#8221;TAO dokumentumok&#8221; use_theme_fonts=&#8221;yes&#8221;][vc_empty_space][vc_column_text css=&#8221;&#8221;]<a href=\"https:\/\/vasasbasket.hu\/wp-content\/uploads\/2026\/04\/Vasas-Pasaret_Noi_Kosarlabda_Kft_2026-27_Jovahagyo_hatarozat.pdf\">Vasas-Pasar\u00e9t N\u0151i Kos\u00e1rlabda 2026\/27 J\u00f3v\u00e1hagy\u00f3 Hat\u00e1rozat&gt;&gt;<\/a><\/p>\n<p>&nbsp;<\/p>\n<p><a href=\"https:\/\/vasasbasket.hu\/wp-content\/uploads\/2026\/04\/Vasas-Pasaret_Noi_Kosarlabda_Kft_2026-27_Sportfejlesztesi_program.pdf\">Vasas-Pasar\u00e9t N\u0151i Kos\u00e1rlabda 2026\/27 Sportfejleszt\u00e9si Program&gt;&gt;<\/a><\/p>\n<p>&nbsp;<\/p>\n<p><a href=\"https:\/\/vasasbasket.hu\/wp-content\/uploads\/2025\/05\/Vasas-Pasaret_Noi_Kosarlabda_Kft_2025-26_Jovahagyo_hatarozat.pdf\">Vasas-Pasar\u00e9t N\u0151i Kos\u00e1rlabda 2025\/26 J\u00f3v\u00e1hagy\u00f3 Hat\u00e1rozat&gt;&gt;<\/a><\/p>\n<p>&nbsp;<\/p>\n<p><a href=\"https:\/\/vasasbasket.hu\/wp-content\/uploads\/2025\/06\/Vasas-Pasaret_Noi_Kosarlabda_Kft_2025-26_Sportfejlesztesi_program-1.pdf\">Vasas-Pasar\u00e9t N\u0151i Kos\u00e1rlabda 2025\/26 Sportfejleszt\u00e9si Program&gt;&gt;<\/a><\/p>\n<p>&nbsp;<\/p>\n<p><a href=\"https:\/\/vasasbasket.hu\/wp-content\/uploads\/2025\/01\/Vasas-Pasaret-Noi-Kosarlabda-2024_25-Jovahagyo-Hatarozat.pdf\">Vasas-Pasar\u00e9t N\u0151i Kos\u00e1rlabda 2024\/25 J\u00f3v\u00e1hagy\u00f3 Hat\u00e1rozat&gt;&gt;<\/a><\/p>\n<p>&nbsp;<\/p>\n<p><a href=\"https:\/\/vasasbasket.hu\/wp-content\/uploads\/2025\/01\/Vasas-Pasaret-Noi-Kosarlabda-2024_25-Sportfejlesztesi-Program.pdf\">Vasas-Pasar\u00e9t N\u0151i Kos\u00e1rlabda 2024\/25 Sportfejleszt\u00e9si Program&gt;&gt;<\/a><\/p>\n<p>&nbsp;<\/p>\n<p><a href=\"https:\/\/vasasbasket.hu\/wp-content\/uploads\/2023\/03\/Vasas-Pasaret-Noi-Kosarlabda-2023-24-Jovahagyo-Hatarozat.pdf\">Vasas-Pasar\u00e9t N\u0151i Kos\u00e1rlabda 2023\/24 J\u00f3v\u00e1hagy\u00f3 Hat\u00e1rozat&gt;&gt;<\/a><\/p>\n<p>&nbsp;<\/p>\n<p><a href=\"https:\/\/vasasbasket.hu\/wp-content\/uploads\/2023\/03\/Vasas-Pasaret-Noi-Kosarlabda-2023-24-Sportfejlesztesi-Program.pdf\">Vasas-Pasar\u00e9t N\u0151i Kos\u00e1rlabda 2023\/24 Sportfejleszt\u00e9si Program&gt;&gt;<\/a><\/p>\n<p>&nbsp;<\/p>\n<p><a href=\"https:\/\/vasasbasket.hu\/wp-content\/uploads\/2022\/04\/Vasas-pasaret-noi-kosarlabda-2022-23-jovahagyo-hatarozat.pdf\">Vasas-Pasar\u00e9t N\u0151i Kos\u00e1rlabda 2022\/23 J\u00f3v\u00e1hagy\u00f3 Hat\u00e1rozat&gt;&gt;<\/a><\/p>\n<p>&nbsp;<\/p>\n<p><a href=\"https:\/\/vasasbasket.hu\/wp-content\/uploads\/2022\/04\/Vasas-pasaret-noi-kosarlabda-2022-23-sportfejlesztesi-program.pdf\">Vasas-Pasar\u00e9t N\u0151i Kos\u00e1rlabda 2022\/23 Sportfejleszt\u00e9si Program&gt;&gt;<\/a><\/p>\n<p>&nbsp;<\/p>\n<p><a href=\"https:\/\/vasasbasket.hu\/wp-content\/uploads\/2021\/04\/Vasas-Pasaret-Noi-Kosarlabda-2021-22-Jovahagyo-Hatarozat.pdf\">Vasas-Pasar\u00e9t N\u0151i Kos\u00e1rlabda 2021\/22 J\u00f3v\u00e1hagy\u00f3 Hat\u00e1rozat&gt;&gt;<\/a><\/p>\n<p>&nbsp;<\/p>\n<p><a href=\"https:\/\/vasasbasket.hu\/wp-content\/uploads\/2021\/04\/Vasas-Pasaret-Noi-Kosarlabda-2021-22-Sportfejlesztesi-Program.pdf\">Vasas-Pasar\u00e9t N\u0151i Kos\u00e1rlabda 2021\/22 Sportfejleszt\u00e9si Program&gt;&gt;<\/a><\/p>\n<p>&nbsp;<\/p>\n<p><a href=\"http:\/\/vasasbasket.hu\/wp-content\/uploads\/2020\/04\/Vasas-Pasar\u00e9t-N\u0151i-Kos\u00e1rlabda-2020-21-J\u00f3v\u00e1hagy\u00f3-Hat\u00e1rozat.pdf\">Vasas-Pasar\u00e9t N\u0151i Kos\u00e1rlabda 2020\/21 J\u00f3v\u00e1hagy\u00f3 Hat\u00e1rozat&gt;&gt;<\/a><\/p>\n<p>&nbsp;<\/p>\n<p><a href=\"http:\/\/vasasbasket.hu\/wp-content\/uploads\/2020\/04\/Vasas-Pasar\u00e9t-N\u0151i-Kos\u00e1rlabda-2020-21-Sportfejleszt\u00e9si-Program.pdf\">Vasas-Pasar\u00e9t N\u0151i Kos\u00e1rlabda 2020\/21 Sportfejleszt\u00e9si Program&gt;&gt;<\/a><\/p>\n<p>&nbsp;<\/p>\n<p><a href=\"http:\/\/vasasbasket.hu\/wp-content\/uploads\/2019\/05\/VasasPasar\u00e9tN\u0151iKos\u00e1rlabda-2019-20-J\u00f3v\u00e1hagy\u00f3Hat\u00e1rozat.pdf\">Vasas-Pasar\u00e9t N\u0151i Kos\u00e1rlabda 2019\/20 J\u00f3v\u00e1hagy\u00f3 Hat\u00e1rozat&gt;&gt;<\/a><\/p>\n<p>&nbsp;<\/p>\n<p><a href=\"http:\/\/vasasbasket.hu\/wp-content\/uploads\/2019\/05\/VasasPasar\u00e9tN\u0151iKos\u00e1rlabda-2019-20-Sportfejleszt\u00e9siProgram.pdf\">Vasas-Pasar\u00e9t N\u0151i Kos\u00e1rlabda 2019\/20 Sportfejleszt\u00e9si Program&gt;&gt;<\/a><\/p>\n<p>&nbsp;<\/p>\n<p><a href=\"http:\/\/vasasbasket.hu\/wp-content\/uploads\/2018\/05\/VPNK-j\u00f3v\u00e1hagy\u00f3-hat\u00e1rozat-2018-04-26.pdf\" target=\"_blank\" rel=\"noopener noreferrer\">Vasas-Pasar\u00e9t N\u0151i Kos\u00e1rlabda 2018\/19 J\u00f3v\u00e1hagy\u00f3 Hat\u00e1rozat&gt;&gt;<\/a><\/p>\n<p>&nbsp;<\/p>\n<p><a href=\"http:\/\/vasasbasket.hu\/wp-content\/uploads\/2018\/05\/VPNK-SFP-2018-04-26.pdf\" target=\"_blank\" rel=\"noopener noreferrer\">Vasas-Pasar\u00e9t N\u0151i Kos\u00e1rlabda 2018\/19 Sportfejleszt\u00e9si Program&gt;&gt;<\/a><\/p>\n<p>&nbsp;<\/p>\n<p><a href=\"https:\/\/vasasbasket.hu\/wp-content\/uploads\/2021\/06\/Vasas-Pasaret-Noi-Kosarlabda-2017-18-Jovahagyo-Hatarozat.pdf\">Vasas-Pasar\u00e9t N\u0151i Kos\u00e1rlabda 2017\/18 J\u00f3v\u00e1hagy\u00f3 Hat\u00e1rozat&gt;&gt;<\/a><\/p>\n<p>&nbsp;<\/p>\n<p><a href=\"https:\/\/vasasbasket.hu\/wp-content\/uploads\/2021\/06\/Vasas-Pasaret-Noi-Kosarlabda-2017-18-Sportfejlesztesi-Program.pdf\">Vasas-Pasar\u00e9t N\u0151i Kos\u00e1rlabda 2017\/18 Sportfejleszt\u00e9si Program&gt;&gt;<\/a><\/p>\n<p>&nbsp;<\/p>\n<p><a href=\"https:\/\/vasasbasket.hu\/wp-content\/uploads\/2021\/06\/Vasas-Pasaret-Noi-Kosarlabda-2016-17-Jovahagyo-Hatarozat.pdf\">Vasas-Pasar\u00e9t N\u0151i Kos\u00e1rlabda 2016\/17 J\u00f3v\u00e1hagy\u00f3 Hat\u00e1rozat&gt;&gt;<\/a><\/p>\n<p>&nbsp;<\/p>\n<p><a href=\"https:\/\/vasasbasket.hu\/wp-content\/uploads\/2021\/06\/Vasas-Pasaret-Noi-Kosarlabda-2016-17-Sportfejlesztesi-Program.pdf\">Vasas-Pasar\u00e9t N\u0151i Kos\u00e1rlabda 2016\/17 Sportfejleszt\u00e9si Program&gt;&gt;<\/a><\/p>\n<p>&nbsp;<\/p>\n<p><a href=\"https:\/\/vasasbasket.hu\/wp-content\/uploads\/2021\/06\/Vasas-Pasaret-Noi-Kosarlabda-2015-16-Jovahagyo-Hatarozat.pdf\">Vasas-Pasar\u00e9t N\u0151i Kos\u00e1rlabda 2015\/16 J\u00f3v\u00e1hagy\u00f3 Hat\u00e1rozat&gt;&gt;<\/a><\/p>\n<p>&nbsp;<\/p>\n<p><a href=\"https:\/\/vasasbasket.hu\/wp-content\/uploads\/2021\/06\/Vasas-Pasaret-Noi-Kosarlabda-2015-16-Sportfejlesztesi-Program.pdf\">Vasas-Pasar\u00e9t N\u0151i Kos\u00e1rlabda 2015\/16 Sportfejleszt\u00e9si Program&gt;&gt;<\/a><\/p>\n<p>&nbsp;<\/p>\n<p><a href=\"https:\/\/vasasbasket.hu\/wp-content\/uploads\/2021\/06\/Vasas-Pasaret-Noi-Kosarlabda-2014-15-Jovahagyo-Hatarozat.pdf\">Vasas-Pasar\u00e9t N\u0151i Kos\u00e1rlabda 2014\/15 J\u00f3v\u00e1hagy\u00f3 Hat\u00e1rozat&gt;&gt;<\/a><\/p>\n<p>&nbsp;<\/p>\n<p><a href=\"https:\/\/vasasbasket.hu\/wp-content\/uploads\/2021\/06\/Vasas-Pasaret-Noi-Kosarlabda-2014-15-Sportfejlesztesi-Program.pdf\">Vasas-Pasar\u00e9t N\u0151i Kos\u00e1rlabda 2014\/15 Sportfejleszt\u00e9si Program&gt;&gt;<\/a><\/p>\n<p>&nbsp;<\/p>\n<p><a href=\"https:\/\/vasasbasket.hu\/wp-content\/uploads\/2021\/06\/Vasas-Pasaret-Noi-Kosarlabda-2013-14-Jovahagyo-Hatarozat.pdf\">Vasas-Pasar\u00e9t N\u0151i Kos\u00e1rlabda 2013\/14 J\u00f3v\u00e1hagy\u00f3 Hat\u00e1rozat&gt;&gt;<\/a><\/p>\n<p>&nbsp;<\/p>\n<p><a href=\"https:\/\/vasasbasket.hu\/wp-content\/uploads\/2021\/06\/Vasas-Pasaret-Noi-Kosarlabda-2013-14-Sportfejlesztesi-Program.pdf\">Vasas-Pasar\u00e9t N\u0151i Kos\u00e1rlabda 2013\/14 Sportfejleszt\u00e9si Program&gt;&gt;<\/a><\/p>\n<p>&nbsp;<\/p>\n<p><a href=\"https:\/\/vasasbasket.hu\/wp-content\/uploads\/2021\/06\/Vasas-Pasaret-Noi-Kosarlabda-2012-13-Jovahagyo-Hatarozat.pdf\">Vasas-Pasar\u00e9t N\u0151i Kos\u00e1rlabda 2012\/13 J\u00f3v\u00e1hagy\u00f3 Hat\u00e1rozat&gt;&gt;<\/a><\/p>\n<p>&nbsp;<\/p>\n<p><a href=\"https:\/\/vasasbasket.hu\/wp-content\/uploads\/2021\/06\/Vasas-Pasaret-Noi-Kosarlabda-2012-13-Sportfejlesztesi-Program.pdf\">Vasas-Pasar\u00e9t N\u0151i Kos\u00e1rlabda 2012\/13 Sportfejleszt\u00e9si Program&gt;&gt;<\/a><\/p>\n<p>&nbsp;<\/p>\n<p><a href=\"https:\/\/vasasbasket.hu\/wp-content\/uploads\/2021\/06\/Vasas-Pasaret-Noi-Kosarlabda-2011-12-Sportfejlesztesi-Program.pdf\">Vasas-Pasar\u00e9t N\u0151i Kos\u00e1rlabda 2011\/12 Sportfejleszt\u00e9si Program&gt;&gt;<\/a>[\/vc_column_text][\/vc_column][\/vc_row]<\/p>\n<\/div>","protected":false},"excerpt":{"rendered":"<p>[vc_row][vc_column][vc_custom_heading text=&#8221;TAO dokumentumok&#8221; use_theme_fonts=&#8221;yes&#8221;][vc_empty_space][vc_column_text css=&#8221;&#8221;]Vasas-Pasar\u00e9t N\u0151i Kos\u00e1rlabda 2026\/27 J\u00f3v\u00e1hagy\u00f3 Hat\u00e1rozat&gt;&gt; &nbsp; Vasas-Pasar\u00e9t N\u0151i Kos\u00e1rlabda 2026\/27 Sportfejleszt\u00e9si Program&gt;&gt; &nbsp; Vasas-Pasar\u00e9t N\u0151i Kos\u00e1rlabda 2025\/26 J\u00f3v\u00e1hagy\u00f3 Hat\u00e1rozat&gt;&gt; &nbsp; Vasas-Pasar\u00e9t N\u0151i Kos\u00e1rlabda 2025\/26 Sportfejleszt\u00e9si Program&gt;&gt; &nbsp; Vasas-Pasar\u00e9t N\u0151i Kos\u00e1rlabda 2024\/25 J\u00f3v\u00e1hagy\u00f3 Hat\u00e1rozat&gt;&gt; &nbsp; Vasas-Pasar\u00e9t N\u0151i Kos\u00e1rlabda 2024\/25 Sportfejleszt\u00e9si Program&gt;&gt; &nbsp; Vasas-Pasar\u00e9t N\u0151i Kos\u00e1rlabda 2023\/24 J\u00f3v\u00e1hagy\u00f3 Hat\u00e1rozat&gt;&gt; &nbsp; Vasas-Pasar\u00e9t N\u0151i&#8230;<\/p>\n","protected":false},"author":1,"featured_media":0,"parent":0,"menu_order":0,"comment_status":"closed","ping_status":"closed","template":"","meta":{"footnotes":""},"class_list":["post-4141","page","type-page","status-publish","hentry"],"yoast_head":"<!-- This site is optimized with the Yoast SEO plugin v26.0 - https:\/\/yoast.com\/wordpress\/plugins\/seo\/ -->\n<title>TAO dokumentumok - Vasas n\u0151i kos\u00e1rlabda<\/title>\n<meta name=\"robots\" content=\"index, follow, max-snippet:-1, max-image-preview:large, max-video-preview:-1\" \/>\n<link rel=\"canonical\" href=\"https:\/\/vasasbasket.hu\/index.php\/tao-dokumentumok\/\" \/>\n<meta property=\"og:locale\" content=\"hu_HU\" \/>\n<meta property=\"og:type\" content=\"article\" \/>\n<meta property=\"og:title\" content=\"TAO dokumentumok - Vasas n\u0151i kos\u00e1rlabda\" \/>\n<meta property=\"og:description\" content=\"[vc_row][vc_column][vc_custom_heading text=&#8221;TAO dokumentumok&#8221; use_theme_fonts=&#8221;yes&#8221;][vc_empty_space][vc_column_text css=&#8221;&#8221;]Vasas-Pasar\u00e9t N\u0151i Kos\u00e1rlabda 2026\/27 J\u00f3v\u00e1hagy\u00f3 Hat\u00e1rozat&gt;&gt; &nbsp; Vasas-Pasar\u00e9t N\u0151i Kos\u00e1rlabda 2026\/27 Sportfejleszt\u00e9si Program&gt;&gt; &nbsp; Vasas-Pasar\u00e9t N\u0151i Kos\u00e1rlabda 2025\/26 J\u00f3v\u00e1hagy\u00f3 Hat\u00e1rozat&gt;&gt; &nbsp; Vasas-Pasar\u00e9t N\u0151i Kos\u00e1rlabda 2025\/26 Sportfejleszt\u00e9si Program&gt;&gt; &nbsp; Vasas-Pasar\u00e9t N\u0151i Kos\u00e1rlabda 2024\/25 J\u00f3v\u00e1hagy\u00f3 Hat\u00e1rozat&gt;&gt; &nbsp; Vasas-Pasar\u00e9t N\u0151i Kos\u00e1rlabda 2024\/25 Sportfejleszt\u00e9si Program&gt;&gt; &nbsp; Vasas-Pasar\u00e9t N\u0151i Kos\u00e1rlabda 2023\/24 J\u00f3v\u00e1hagy\u00f3 Hat\u00e1rozat&gt;&gt; &nbsp; Vasas-Pasar\u00e9t N\u0151i...\" \/>\n<meta property=\"og:url\" content=\"https:\/\/vasasbasket.hu\/index.php\/tao-dokumentumok\/\" \/>\n<meta property=\"og:site_name\" content=\"Vasas n\u0151i kos\u00e1rlabda\" \/>\n<meta property=\"article:publisher\" content=\"https:\/\/www.facebook.com\/vasaswbasket\/\" \/>\n<meta property=\"article:modified_time\" content=\"2026-04-21T14:47:05+00:00\" \/>\n<meta name=\"twitter:card\" content=\"summary_large_image\" \/>\n<meta name=\"twitter:label1\" content=\"Becs\u00fclt olvas\u00e1si id\u0151\" \/>\n\t<meta name=\"twitter:data1\" content=\"2 perc\" \/>\n<script type=\"application\/ld+json\" class=\"yoast-schema-graph\">{\"@context\":\"https:\/\/schema.org\",\"@graph\":[{\"@type\":\"WebPage\",\"@id\":\"https:\/\/vasasbasket.hu\/index.php\/tao-dokumentumok\/\",\"url\":\"https:\/\/vasasbasket.hu\/index.php\/tao-dokumentumok\/\",\"name\":\"TAO dokumentumok - Vasas n\u0151i kos\u00e1rlabda\",\"isPartOf\":{\"@id\":\"https:\/\/vasasbasket.hu\/#website\"},\"datePublished\":\"2018-05-17T07:43:56+00:00\",\"dateModified\":\"2026-04-21T14:47:05+00:00\",\"breadcrumb\":{\"@id\":\"https:\/\/vasasbasket.hu\/index.php\/tao-dokumentumok\/#breadcrumb\"},\"inLanguage\":\"hu\",\"potentialAction\":[{\"@type\":\"ReadAction\",\"target\":[\"https:\/\/vasasbasket.hu\/index.php\/tao-dokumentumok\/\"]}]},{\"@type\":\"BreadcrumbList\",\"@id\":\"https:\/\/vasasbasket.hu\/index.php\/tao-dokumentumok\/#breadcrumb\",\"itemListElement\":[{\"@type\":\"ListItem\",\"position\":1,\"name\":\"Kezd\u0151lap\",\"item\":\"https:\/\/vasasbasket.hu\/\"},{\"@type\":\"ListItem\",\"position\":2,\"name\":\"TAO dokumentumok\"}]},{\"@type\":\"WebSite\",\"@id\":\"https:\/\/vasasbasket.hu\/#website\",\"url\":\"https:\/\/vasasbasket.hu\/\",\"name\":\"Vasas n\u0151i kos\u00e1rlabda\",\"description\":\"Vasas Basket N\u0151i\",\"publisher\":{\"@id\":\"https:\/\/vasasbasket.hu\/#organization\"},\"potentialAction\":[{\"@type\":\"SearchAction\",\"target\":{\"@type\":\"EntryPoint\",\"urlTemplate\":\"https:\/\/vasasbasket.hu\/?s={search_term_string}\"},\"query-input\":{\"@type\":\"PropertyValueSpecification\",\"valueRequired\":true,\"valueName\":\"search_term_string\"}}],\"inLanguage\":\"hu\"},{\"@type\":\"Organization\",\"@id\":\"https:\/\/vasasbasket.hu\/#organization\",\"name\":\"Vasas n\u0151i kos\u00e1rlabda\",\"url\":\"https:\/\/vasasbasket.hu\/\",\"logo\":{\"@type\":\"ImageObject\",\"inLanguage\":\"hu\",\"@id\":\"https:\/\/vasasbasket.hu\/#\/schema\/logo\/image\/\",\"url\":\"https:\/\/vasasbasket.hu\/wp-content\/uploads\/2017\/03\/vasas_cimer_1200.jpg\",\"contentUrl\":\"https:\/\/vasasbasket.hu\/wp-content\/uploads\/2017\/03\/vasas_cimer_1200.jpg\",\"width\":1200,\"height\":1200,\"caption\":\"Vasas n\u0151i kos\u00e1rlabda\"},\"image\":{\"@id\":\"https:\/\/vasasbasket.hu\/#\/schema\/logo\/image\/\"},\"sameAs\":[\"https:\/\/www.facebook.com\/vasaswbasket\/\"]}]}<\/script>\n<!-- \/ Yoast SEO plugin. -->","yoast_head_json":{"title":"TAO dokumentumok - Vasas n\u0151i kos\u00e1rlabda","robots":{"index":"index","follow":"follow","max-snippet":"max-snippet:-1","max-image-preview":"max-image-preview:large","max-video-preview":"max-video-preview:-1"},"canonical":"https:\/\/vasasbasket.hu\/index.php\/tao-dokumentumok\/","og_locale":"hu_HU","og_type":"article","og_title":"TAO dokumentumok - Vasas n\u0151i kos\u00e1rlabda","og_description":"[vc_row][vc_column][vc_custom_heading text=&#8221;TAO dokumentumok&#8221; use_theme_fonts=&#8221;yes&#8221;][vc_empty_space][vc_column_text css=&#8221;&#8221;]Vasas-Pasar\u00e9t N\u0151i Kos\u00e1rlabda 2026\/27 J\u00f3v\u00e1hagy\u00f3 Hat\u00e1rozat&gt;&gt; &nbsp; Vasas-Pasar\u00e9t N\u0151i Kos\u00e1rlabda 2026\/27 Sportfejleszt\u00e9si Program&gt;&gt; &nbsp; Vasas-Pasar\u00e9t N\u0151i Kos\u00e1rlabda 2025\/26 J\u00f3v\u00e1hagy\u00f3 Hat\u00e1rozat&gt;&gt; &nbsp; Vasas-Pasar\u00e9t N\u0151i Kos\u00e1rlabda 2025\/26 Sportfejleszt\u00e9si Program&gt;&gt; &nbsp; Vasas-Pasar\u00e9t N\u0151i Kos\u00e1rlabda 2024\/25 J\u00f3v\u00e1hagy\u00f3 Hat\u00e1rozat&gt;&gt; &nbsp; Vasas-Pasar\u00e9t N\u0151i Kos\u00e1rlabda 2024\/25 Sportfejleszt\u00e9si Program&gt;&gt; &nbsp; Vasas-Pasar\u00e9t N\u0151i Kos\u00e1rlabda 2023\/24 J\u00f3v\u00e1hagy\u00f3 Hat\u00e1rozat&gt;&gt; &nbsp; Vasas-Pasar\u00e9t N\u0151i...","og_url":"https:\/\/vasasbasket.hu\/index.php\/tao-dokumentumok\/","og_site_name":"Vasas n\u0151i kos\u00e1rlabda","article_publisher":"https:\/\/www.facebook.com\/vasaswbasket\/","article_modified_time":"2026-04-21T14:47:05+00:00","twitter_card":"summary_large_image","twitter_misc":{"Becs\u00fclt olvas\u00e1si id\u0151":"2 perc"},"schema":{"@context":"https:\/\/schema.org","@graph":[{"@type":"WebPage","@id":"https:\/\/vasasbasket.hu\/index.php\/tao-dokumentumok\/","url":"https:\/\/vasasbasket.hu\/index.php\/tao-dokumentumok\/","name":"TAO dokumentumok - Vasas n\u0151i kos\u00e1rlabda","isPartOf":{"@id":"https:\/\/vasasbasket.hu\/#website"},"datePublished":"2018-05-17T07:43:56+00:00","dateModified":"2026-04-21T14:47:05+00:00","breadcrumb":{"@id":"https:\/\/vasasbasket.hu\/index.php\/tao-dokumentumok\/#breadcrumb"},"inLanguage":"hu","potentialAction":[{"@type":"ReadAction","target":["https:\/\/vasasbasket.hu\/index.php\/tao-dokumentumok\/"]}]},{"@type":"BreadcrumbList","@id":"https:\/\/vasasbasket.hu\/index.php\/tao-dokumentumok\/#breadcrumb","itemListElement":[{"@type":"ListItem","position":1,"name":"Kezd\u0151lap","item":"https:\/\/vasasbasket.hu\/"},{"@type":"ListItem","position":2,"name":"TAO dokumentumok"}]},{"@type":"WebSite","@id":"https:\/\/vasasbasket.hu\/#website","url":"https:\/\/vasasbasket.hu\/","name":"Vasas n\u0151i kos\u00e1rlabda","description":"Vasas Basket N\u0151i","publisher":{"@id":"https:\/\/vasasbasket.hu\/#organization"},"potentialAction":[{"@type":"SearchAction","target":{"@type":"EntryPoint","urlTemplate":"https:\/\/vasasbasket.hu\/?s={search_term_string}"},"query-input":{"@type":"PropertyValueSpecification","valueRequired":true,"valueName":"search_term_string"}}],"inLanguage":"hu"},{"@type":"Organization","@id":"https:\/\/vasasbasket.hu\/#organization","name":"Vasas n\u0151i kos\u00e1rlabda","url":"https:\/\/vasasbasket.hu\/","logo":{"@type":"ImageObject","inLanguage":"hu","@id":"https:\/\/vasasbasket.hu\/#\/schema\/logo\/image\/","url":"https:\/\/vasasbasket.hu\/wp-content\/uploads\/2017\/03\/vasas_cimer_1200.jpg","contentUrl":"https:\/\/vasasbasket.hu\/wp-content\/uploads\/2017\/03\/vasas_cimer_1200.jpg","width":1200,"height":1200,"caption":"Vasas n\u0151i kos\u00e1rlabda"},"image":{"@id":"https:\/\/vasasbasket.hu\/#\/schema\/logo\/image\/"},"sameAs":["https:\/\/www.facebook.com\/vasaswbasket\/"]}]}},"_links":{"self":[{"href":"https:\/\/vasasbasket.hu\/index.php\/wp-json\/wp\/v2\/pages\/4141","targetHints":{"allow":["GET"]}}],"collection":[{"href":"https:\/\/vasasbasket.hu\/index.php\/wp-json\/wp\/v2\/pages"}],"about":[{"href":"https:\/\/vasasbasket.hu\/index.php\/wp-json\/wp\/v2\/types\/page"}],"author":[{"embeddable":true,"href":"https:\/\/vasasbasket.hu\/index.php\/wp-json\/wp\/v2\/users\/1"}],"replies":[{"embeddable":true,"href":"https:\/\/vasasbasket.hu\/index.php\/wp-json\/wp\/v2\/comments?post=4141"}],"version-history":[{"count":23,"href":"https:\/\/vasasbasket.hu\/index.php\/wp-json\/wp\/v2\/pages\/4141\/revisions"}],"predecessor-version":[{"id":16674,"href":"https:\/\/vasasbasket.hu\/index.php\/wp-json\/wp\/v2\/pages\/4141\/revisions\/16674"}],"wp:attachment":[{"href":"https:\/\/vasasbasket.hu\/index.php\/wp-json\/wp\/v2\/media?parent=4141"}],"curies":[{"name":"wp","href":"https:\/\/api.w.org\/{rel}","templated":true}]}}