{"id":4051,"date":"2018-03-26T09:25:07","date_gmt":"2018-03-26T09:25:07","guid":{"rendered":"http:\/\/vasasbasket.hu\/?page_id=4051"},"modified":"2024-04-02T12:18:02","modified_gmt":"2024-04-02T12:18:02","slug":"ado","status":"publish","type":"page","link":"https:\/\/vasasbasket.hu\/index.php\/ado\/","title":{"rendered":"Ad\u00f3 1% seg\u00e9dlet"},"content":{"rendered":"<div class=\"wpb-content-wrapper\"><p>[vc_row full_width=&#8221;stretch_row&#8221; css=&#8221;.vc_custom_1506607028166{background-color: #f0f0f0 !important;}&#8221;][vc_column][vc_column_text]<\/p>\n<ol>\n<li>Kattintson az alul l\u00e9v\u0151 k\u00e9pre \u00e9s ut\u00e1na nyomja meg a ctrl+P billenty\u0171ket, \u00edgy egyszer\u0171en kinyomtathatja a sz\u00fcks\u00e9ges felaj\u00e1nl\u00e1st!<\/li>\n<li>Egy bor\u00edt\u00e9kra \u00edrja r\u00e1 nev\u00e9t, c\u00edm\u00e9t \u00e9s saj\u00e1t ad\u00f3azonos\u00edt\u00f3 jel\u00e9t!<\/li>\n<li>A rendelkez\u0151 nyilatkozatot tegye a bor\u00edt\u00e9kba, z\u00e1rja le \u00e9s \u00edrja al\u00e1 a lez\u00e1r\u00e1son \u00e1tny\u00fal\u00f3an!<\/li>\n<li>Juttassa el a bor\u00edt\u00e9kot a NAV-nak (post\u00e1n, illetve szem\u00e9lyesen), vagy adja a bor\u00edt\u00e9kot a munk\u00e1ltat\u00f3j\u00e1nak (amennyiben \u0151 k\u00e9sz\u00edti el az ad\u00f3bevall\u00e1s\u00e1t), vagy rendelkezzen a bevall\u00e1si nyomtatv\u00e1nyon (1253 EGYSZA lap)!<\/li>\n<\/ol>\n<p>Ha m\u00e1r van nyilatkozata, k\u00e9rj\u00fck a k\u00f6vetkez\u0151 adatokat adja meg:<\/p>\n<p>\u200bA kedvezm\u00e9nyezett neve: <strong>Alap\u00edtv\u00e1ny a Gyermek- \u00e9s Ifj\u00fas\u00e1gi Sport\u00e9rt<\/strong><br \/>\nAd\u00f3sz\u00e1m: <strong>18323698-1-13<\/strong><\/p>\n<p><strong>Hat\u00e1rid\u0151k:<\/strong><\/p>\n<ul>\n<li>Egy\u00e9ni v\u00e1llalkoz\u00f3k: 2024. febru\u00e1r 26.<\/li>\n<li>SZJA-bevall\u00e1s: 2024. m\u00e1jus 21.<\/li>\n<\/ul>\n<p>K\u00f6sz\u00f6nj\u00fck sz\u00e9pen![\/vc_column_text][\/vc_column][\/vc_row][vc_row full_width=&#8221;stretch_row&#8221; css=&#8221;.vc_custom_1506607028166{background-color: #f0f0f0 !important;}&#8221;][vc_column][vc_single_image image=&#8221;4053&#8243; img_size=&#8221;large&#8221; alignment=&#8221;center&#8221; onclick=&#8221;img_link_large&#8221; img_link_target=&#8221;_blank&#8221;][\/vc_column][\/vc_row][vc_row full_width=&#8221;stretch_row&#8221; css=&#8221;.vc_custom_1462188948406{margin-bottom: 0px !important;padding-top: 53px !important;padding-bottom: 47px !important;background-color: #000000 !important;}&#8221;][vc_column css=&#8221;.vc_custom_1461760085996{padding-top: 0px !important;}&#8221;][vc_column_text css=&#8221;.vc_custom_1503931834773{margin-bottom: 0px !important;}&#8221;]<\/p>\n<h3 style=\"text-align: center; letter-spacing: 2px;\"><span style=\"color: #ffffff;\">K\u00e9sz\u00fclj vel\u00fcnk,<\/span>\u00a0<span class=\"stm-red\">legy\u00e9l te is gy\u0151ztes!<\/span><\/h3>\n<p>[\/vc_column_text][\/vc_column][\/vc_row]<\/p>\n<\/div>","protected":false},"excerpt":{"rendered":"<p>[vc_row full_width=&#8221;stretch_row&#8221; css=&#8221;.vc_custom_1506607028166{background-color: #f0f0f0 !important;}&#8221;][vc_column][vc_column_text] Kattintson az alul l\u00e9v\u0151 k\u00e9pre \u00e9s ut\u00e1na nyomja meg a ctrl+P billenty\u0171ket, \u00edgy egyszer\u0171en kinyomtathatja a sz\u00fcks\u00e9ges felaj\u00e1nl\u00e1st! Egy bor\u00edt\u00e9kra \u00edrja r\u00e1 nev\u00e9t, c\u00edm\u00e9t \u00e9s saj\u00e1t ad\u00f3azonos\u00edt\u00f3 jel\u00e9t! A rendelkez\u0151 nyilatkozatot tegye a bor\u00edt\u00e9kba, z\u00e1rja le \u00e9s \u00edrja al\u00e1 a lez\u00e1r\u00e1son \u00e1tny\u00fal\u00f3an! Juttassa el a bor\u00edt\u00e9kot a NAV-nak (post\u00e1n, illetve&#8230;<\/p>\n","protected":false},"author":1,"featured_media":0,"parent":0,"menu_order":0,"comment_status":"closed","ping_status":"closed","template":"","meta":{"footnotes":""},"class_list":["post-4051","page","type-page","status-publish","hentry"],"yoast_head":"<!-- This site is optimized with the Yoast SEO plugin v26.0 - https:\/\/yoast.com\/wordpress\/plugins\/seo\/ -->\n<title>Ad\u00f3 1% seg\u00e9dlet - Vasas n\u0151i kos\u00e1rlabda<\/title>\n<meta name=\"robots\" content=\"index, follow, max-snippet:-1, max-image-preview:large, max-video-preview:-1\" \/>\n<link rel=\"canonical\" href=\"https:\/\/vasasbasket.hu\/index.php\/ado\/\" \/>\n<meta property=\"og:locale\" content=\"hu_HU\" \/>\n<meta property=\"og:type\" content=\"article\" \/>\n<meta property=\"og:title\" content=\"Ad\u00f3 1% seg\u00e9dlet - Vasas n\u0151i kos\u00e1rlabda\" \/>\n<meta property=\"og:description\" content=\"[vc_row full_width=&#8221;stretch_row&#8221; css=&#8221;.vc_custom_1506607028166{background-color: #f0f0f0 !important;}&#8221;][vc_column][vc_column_text] Kattintson az alul l\u00e9v\u0151 k\u00e9pre \u00e9s ut\u00e1na nyomja meg a ctrl+P billenty\u0171ket, \u00edgy egyszer\u0171en kinyomtathatja a sz\u00fcks\u00e9ges felaj\u00e1nl\u00e1st! Egy bor\u00edt\u00e9kra \u00edrja r\u00e1 nev\u00e9t, c\u00edm\u00e9t \u00e9s saj\u00e1t ad\u00f3azonos\u00edt\u00f3 jel\u00e9t! A rendelkez\u0151 nyilatkozatot tegye a bor\u00edt\u00e9kba, z\u00e1rja le \u00e9s \u00edrja al\u00e1 a lez\u00e1r\u00e1son \u00e1tny\u00fal\u00f3an! Juttassa el a bor\u00edt\u00e9kot a NAV-nak (post\u00e1n, illetve...\" \/>\n<meta property=\"og:url\" content=\"https:\/\/vasasbasket.hu\/index.php\/ado\/\" \/>\n<meta property=\"og:site_name\" content=\"Vasas n\u0151i kos\u00e1rlabda\" \/>\n<meta property=\"article:publisher\" content=\"https:\/\/www.facebook.com\/vasaswbasket\/\" \/>\n<meta property=\"article:modified_time\" content=\"2024-04-02T12:18:02+00:00\" \/>\n<meta name=\"twitter:card\" content=\"summary_large_image\" \/>\n<meta name=\"twitter:label1\" content=\"Becs\u00fclt olvas\u00e1si id\u0151\" \/>\n\t<meta name=\"twitter:data1\" content=\"1 perc\" \/>\n<script type=\"application\/ld+json\" class=\"yoast-schema-graph\">{\"@context\":\"https:\/\/schema.org\",\"@graph\":[{\"@type\":\"WebPage\",\"@id\":\"https:\/\/vasasbasket.hu\/index.php\/ado\/\",\"url\":\"https:\/\/vasasbasket.hu\/index.php\/ado\/\",\"name\":\"Ad\u00f3 1% seg\u00e9dlet - Vasas n\u0151i kos\u00e1rlabda\",\"isPartOf\":{\"@id\":\"https:\/\/vasasbasket.hu\/#website\"},\"datePublished\":\"2018-03-26T09:25:07+00:00\",\"dateModified\":\"2024-04-02T12:18:02+00:00\",\"breadcrumb\":{\"@id\":\"https:\/\/vasasbasket.hu\/index.php\/ado\/#breadcrumb\"},\"inLanguage\":\"hu\",\"potentialAction\":[{\"@type\":\"ReadAction\",\"target\":[\"https:\/\/vasasbasket.hu\/index.php\/ado\/\"]}]},{\"@type\":\"BreadcrumbList\",\"@id\":\"https:\/\/vasasbasket.hu\/index.php\/ado\/#breadcrumb\",\"itemListElement\":[{\"@type\":\"ListItem\",\"position\":1,\"name\":\"Kezd\u0151lap\",\"item\":\"https:\/\/vasasbasket.hu\/\"},{\"@type\":\"ListItem\",\"position\":2,\"name\":\"Ad\u00f3 1% seg\u00e9dlet\"}]},{\"@type\":\"WebSite\",\"@id\":\"https:\/\/vasasbasket.hu\/#website\",\"url\":\"https:\/\/vasasbasket.hu\/\",\"name\":\"Vasas n\u0151i kos\u00e1rlabda\",\"description\":\"Vasas Basket N\u0151i\",\"publisher\":{\"@id\":\"https:\/\/vasasbasket.hu\/#organization\"},\"potentialAction\":[{\"@type\":\"SearchAction\",\"target\":{\"@type\":\"EntryPoint\",\"urlTemplate\":\"https:\/\/vasasbasket.hu\/?s={search_term_string}\"},\"query-input\":{\"@type\":\"PropertyValueSpecification\",\"valueRequired\":true,\"valueName\":\"search_term_string\"}}],\"inLanguage\":\"hu\"},{\"@type\":\"Organization\",\"@id\":\"https:\/\/vasasbasket.hu\/#organization\",\"name\":\"Vasas n\u0151i kos\u00e1rlabda\",\"url\":\"https:\/\/vasasbasket.hu\/\",\"logo\":{\"@type\":\"ImageObject\",\"inLanguage\":\"hu\",\"@id\":\"https:\/\/vasasbasket.hu\/#\/schema\/logo\/image\/\",\"url\":\"https:\/\/vasasbasket.hu\/wp-content\/uploads\/2017\/03\/vasas_cimer_1200.jpg\",\"contentUrl\":\"https:\/\/vasasbasket.hu\/wp-content\/uploads\/2017\/03\/vasas_cimer_1200.jpg\",\"width\":1200,\"height\":1200,\"caption\":\"Vasas n\u0151i kos\u00e1rlabda\"},\"image\":{\"@id\":\"https:\/\/vasasbasket.hu\/#\/schema\/logo\/image\/\"},\"sameAs\":[\"https:\/\/www.facebook.com\/vasaswbasket\/\"]}]}<\/script>\n<!-- \/ Yoast SEO plugin. -->","yoast_head_json":{"title":"Ad\u00f3 1% seg\u00e9dlet - Vasas n\u0151i kos\u00e1rlabda","robots":{"index":"index","follow":"follow","max-snippet":"max-snippet:-1","max-image-preview":"max-image-preview:large","max-video-preview":"max-video-preview:-1"},"canonical":"https:\/\/vasasbasket.hu\/index.php\/ado\/","og_locale":"hu_HU","og_type":"article","og_title":"Ad\u00f3 1% seg\u00e9dlet - Vasas n\u0151i kos\u00e1rlabda","og_description":"[vc_row full_width=&#8221;stretch_row&#8221; css=&#8221;.vc_custom_1506607028166{background-color: #f0f0f0 !important;}&#8221;][vc_column][vc_column_text] Kattintson az alul l\u00e9v\u0151 k\u00e9pre \u00e9s ut\u00e1na nyomja meg a ctrl+P billenty\u0171ket, \u00edgy egyszer\u0171en kinyomtathatja a sz\u00fcks\u00e9ges felaj\u00e1nl\u00e1st! Egy bor\u00edt\u00e9kra \u00edrja r\u00e1 nev\u00e9t, c\u00edm\u00e9t \u00e9s saj\u00e1t ad\u00f3azonos\u00edt\u00f3 jel\u00e9t! A rendelkez\u0151 nyilatkozatot tegye a bor\u00edt\u00e9kba, z\u00e1rja le \u00e9s \u00edrja al\u00e1 a lez\u00e1r\u00e1son \u00e1tny\u00fal\u00f3an! Juttassa el a bor\u00edt\u00e9kot a NAV-nak (post\u00e1n, illetve...","og_url":"https:\/\/vasasbasket.hu\/index.php\/ado\/","og_site_name":"Vasas n\u0151i kos\u00e1rlabda","article_publisher":"https:\/\/www.facebook.com\/vasaswbasket\/","article_modified_time":"2024-04-02T12:18:02+00:00","twitter_card":"summary_large_image","twitter_misc":{"Becs\u00fclt olvas\u00e1si id\u0151":"1 perc"},"schema":{"@context":"https:\/\/schema.org","@graph":[{"@type":"WebPage","@id":"https:\/\/vasasbasket.hu\/index.php\/ado\/","url":"https:\/\/vasasbasket.hu\/index.php\/ado\/","name":"Ad\u00f3 1% seg\u00e9dlet - Vasas n\u0151i kos\u00e1rlabda","isPartOf":{"@id":"https:\/\/vasasbasket.hu\/#website"},"datePublished":"2018-03-26T09:25:07+00:00","dateModified":"2024-04-02T12:18:02+00:00","breadcrumb":{"@id":"https:\/\/vasasbasket.hu\/index.php\/ado\/#breadcrumb"},"inLanguage":"hu","potentialAction":[{"@type":"ReadAction","target":["https:\/\/vasasbasket.hu\/index.php\/ado\/"]}]},{"@type":"BreadcrumbList","@id":"https:\/\/vasasbasket.hu\/index.php\/ado\/#breadcrumb","itemListElement":[{"@type":"ListItem","position":1,"name":"Kezd\u0151lap","item":"https:\/\/vasasbasket.hu\/"},{"@type":"ListItem","position":2,"name":"Ad\u00f3 1% seg\u00e9dlet"}]},{"@type":"WebSite","@id":"https:\/\/vasasbasket.hu\/#website","url":"https:\/\/vasasbasket.hu\/","name":"Vasas n\u0151i kos\u00e1rlabda","description":"Vasas Basket N\u0151i","publisher":{"@id":"https:\/\/vasasbasket.hu\/#organization"},"potentialAction":[{"@type":"SearchAction","target":{"@type":"EntryPoint","urlTemplate":"https:\/\/vasasbasket.hu\/?s={search_term_string}"},"query-input":{"@type":"PropertyValueSpecification","valueRequired":true,"valueName":"search_term_string"}}],"inLanguage":"hu"},{"@type":"Organization","@id":"https:\/\/vasasbasket.hu\/#organization","name":"Vasas n\u0151i kos\u00e1rlabda","url":"https:\/\/vasasbasket.hu\/","logo":{"@type":"ImageObject","inLanguage":"hu","@id":"https:\/\/vasasbasket.hu\/#\/schema\/logo\/image\/","url":"https:\/\/vasasbasket.hu\/wp-content\/uploads\/2017\/03\/vasas_cimer_1200.jpg","contentUrl":"https:\/\/vasasbasket.hu\/wp-content\/uploads\/2017\/03\/vasas_cimer_1200.jpg","width":1200,"height":1200,"caption":"Vasas n\u0151i kos\u00e1rlabda"},"image":{"@id":"https:\/\/vasasbasket.hu\/#\/schema\/logo\/image\/"},"sameAs":["https:\/\/www.facebook.com\/vasaswbasket\/"]}]}},"_links":{"self":[{"href":"https:\/\/vasasbasket.hu\/index.php\/wp-json\/wp\/v2\/pages\/4051","targetHints":{"allow":["GET"]}}],"collection":[{"href":"https:\/\/vasasbasket.hu\/index.php\/wp-json\/wp\/v2\/pages"}],"about":[{"href":"https:\/\/vasasbasket.hu\/index.php\/wp-json\/wp\/v2\/types\/page"}],"author":[{"embeddable":true,"href":"https:\/\/vasasbasket.hu\/index.php\/wp-json\/wp\/v2\/users\/1"}],"replies":[{"embeddable":true,"href":"https:\/\/vasasbasket.hu\/index.php\/wp-json\/wp\/v2\/comments?post=4051"}],"version-history":[{"count":7,"href":"https:\/\/vasasbasket.hu\/index.php\/wp-json\/wp\/v2\/pages\/4051\/revisions"}],"predecessor-version":[{"id":12917,"href":"https:\/\/vasasbasket.hu\/index.php\/wp-json\/wp\/v2\/pages\/4051\/revisions\/12917"}],"wp:attachment":[{"href":"https:\/\/vasasbasket.hu\/index.php\/wp-json\/wp\/v2\/media?parent=4051"}],"curies":[{"name":"wp","href":"https:\/\/api.w.org\/{rel}","templated":true}]}}