{"id":12621,"date":"2016-05-11T05:43:35","date_gmt":"2016-05-11T05:43:35","guid":{"rendered":"http:\/\/splash.stm\/?page_id=727"},"modified":"2024-03-28T08:39:41","modified_gmt":"2024-03-28T08:39:41","slug":"tamogatas","status":"publish","type":"page","link":"https:\/\/vasasbasket.hu\/index.php\/tamogatas\/","title":{"rendered":"T\u00e1mogat\u00e1s"},"content":{"rendered":"<div class=\"wpb-content-wrapper\"><p>[vc_row full_width=&#8221;stretch_row&#8221; css=&#8221;.vc_custom_1711614967925{padding-top: 28px !important;padding-bottom: 28px !important;}&#8221;][vc_column][vc_custom_heading text=&#8221;T\u00e1mogat\u00e1s a Vasas Kos\u00e1rlabda Akad\u00e9mi\u00e1nak&#8221; use_theme_fonts=&#8221;yes&#8221;][\/vc_column][\/vc_row][vc_row full_width=&#8221;stretch_row&#8221; css=&#8221;.vc_custom_1711614967925{padding-top: 28px !important;padding-bottom: 28px !important;}&#8221;][vc_column][vc_column_text]<\/p>\n<h2>N\u0150I SZAKOSZT\u00c1LY<\/h2>\n<h3 class=\"mt-4\">T\u00e1mogassa a n\u0151i kos\u00e1rlabda szakoszt\u00e1ly m\u0171k\u00f6d\u00e9s\u00e9t az Alap\u00edtv\u00e1ny a gyermek \u00e9s ifj\u00fas\u00e1gi sport\u00e9rt-nak ny\u00fajtott adom\u00e1nnyal!<\/h3>\n<p>[\/vc_column_text][\/vc_column][\/vc_row][vc_row][vc_column][vc_btn title=&#8221;T\u00e1mogatom&#8221; shape=&#8221;square&#8221; color=&#8221;danger&#8221; size=&#8221;lg&#8221; link=&#8221;url:https%3A%2F%2Fnoikosaradomany.pasaretsport.hu%2F|target:_blank&#8221;][\/vc_column][\/vc_row]<\/p>\n<\/div>","protected":false},"excerpt":{"rendered":"<p>[vc_row full_width=&#8221;stretch_row&#8221; css=&#8221;.vc_custom_1711614967925{padding-top: 28px !important;padding-bottom: 28px !important;}&#8221;][vc_column][vc_custom_heading text=&#8221;T\u00e1mogat\u00e1s a Vasas Kos\u00e1rlabda Akad\u00e9mi\u00e1nak&#8221; use_theme_fonts=&#8221;yes&#8221;][\/vc_column][\/vc_row][vc_row full_width=&#8221;stretch_row&#8221; css=&#8221;.vc_custom_1711614967925{padding-top: 28px !important;padding-bottom: 28px !important;}&#8221;][vc_column][vc_column_text] N\u0150I SZAKOSZT\u00c1LY T\u00e1mogassa a n\u0151i kos\u00e1rlabda szakoszt\u00e1ly m\u0171k\u00f6d\u00e9s\u00e9t az Alap\u00edtv\u00e1ny a gyermek \u00e9s ifj\u00fas\u00e1gi sport\u00e9rt-nak ny\u00fajtott adom\u00e1nnyal! [\/vc_column_text][\/vc_column][\/vc_row][vc_row][vc_column][vc_btn title=&#8221;T\u00e1mogatom&#8221; shape=&#8221;square&#8221; color=&#8221;danger&#8221; size=&#8221;lg&#8221; link=&#8221;url:https%3A%2F%2Fnoikosaradomany.pasaretsport.hu%2F|target:_blank&#8221;][\/vc_column][\/vc_row]<\/p>\n","protected":false},"author":1,"featured_media":0,"parent":0,"menu_order":0,"comment_status":"closed","ping_status":"closed","template":"","meta":{"footnotes":""},"class_list":["post-12621","page","type-page","status-publish","hentry"],"yoast_head":"<!-- This site is optimized with the Yoast SEO plugin v26.0 - https:\/\/yoast.com\/wordpress\/plugins\/seo\/ -->\n<title>T\u00e1mogat\u00e1s - Vasas n\u0151i kos\u00e1rlabda<\/title>\n<meta name=\"robots\" content=\"index, follow, max-snippet:-1, max-image-preview:large, max-video-preview:-1\" \/>\n<link rel=\"canonical\" href=\"https:\/\/vasasbasket.hu\/index.php\/tamogatas\/\" \/>\n<meta property=\"og:locale\" content=\"hu_HU\" \/>\n<meta property=\"og:type\" content=\"article\" \/>\n<meta property=\"og:title\" content=\"T\u00e1mogat\u00e1s - Vasas n\u0151i kos\u00e1rlabda\" \/>\n<meta property=\"og:description\" content=\"[vc_row full_width=&#8221;stretch_row&#8221; css=&#8221;.vc_custom_1711614967925{padding-top: 28px !important;padding-bottom: 28px !important;}&#8221;][vc_column][vc_custom_heading text=&#8221;T\u00e1mogat\u00e1s a Vasas Kos\u00e1rlabda Akad\u00e9mi\u00e1nak&#8221; use_theme_fonts=&#8221;yes&#8221;][\/vc_column][\/vc_row][vc_row full_width=&#8221;stretch_row&#8221; css=&#8221;.vc_custom_1711614967925{padding-top: 28px !important;padding-bottom: 28px !important;}&#8221;][vc_column][vc_column_text] N\u0150I SZAKOSZT\u00c1LY T\u00e1mogassa a n\u0151i kos\u00e1rlabda szakoszt\u00e1ly m\u0171k\u00f6d\u00e9s\u00e9t az Alap\u00edtv\u00e1ny a gyermek \u00e9s ifj\u00fas\u00e1gi sport\u00e9rt-nak ny\u00fajtott adom\u00e1nnyal! [\/vc_column_text][\/vc_column][\/vc_row][vc_row][vc_column][vc_btn title=&#8221;T\u00e1mogatom&#8221; shape=&#8221;square&#8221; color=&#8221;danger&#8221; size=&#8221;lg&#8221; link=&#8221;url:https%3A%2F%2Fnoikosaradomany.pasaretsport.hu%2F|target:_blank&#8221;][\/vc_column][\/vc_row]\" \/>\n<meta property=\"og:url\" content=\"https:\/\/vasasbasket.hu\/index.php\/tamogatas\/\" \/>\n<meta property=\"og:site_name\" content=\"Vasas n\u0151i kos\u00e1rlabda\" \/>\n<meta property=\"article:publisher\" content=\"https:\/\/www.facebook.com\/vasaswbasket\/\" \/>\n<meta property=\"article:modified_time\" content=\"2024-03-28T08:39:41+00:00\" \/>\n<meta name=\"twitter:card\" content=\"summary_large_image\" \/>\n<meta name=\"twitter:label1\" content=\"Becs\u00fclt olvas\u00e1si id\u0151\" \/>\n\t<meta name=\"twitter:data1\" content=\"1 perc\" \/>\n<script type=\"application\/ld+json\" class=\"yoast-schema-graph\">{\"@context\":\"https:\/\/schema.org\",\"@graph\":[{\"@type\":\"WebPage\",\"@id\":\"https:\/\/vasasbasket.hu\/index.php\/tamogatas\/\",\"url\":\"https:\/\/vasasbasket.hu\/index.php\/tamogatas\/\",\"name\":\"T\u00e1mogat\u00e1s - Vasas n\u0151i kos\u00e1rlabda\",\"isPartOf\":{\"@id\":\"https:\/\/vasasbasket.hu\/#website\"},\"datePublished\":\"2016-05-11T05:43:35+00:00\",\"dateModified\":\"2024-03-28T08:39:41+00:00\",\"breadcrumb\":{\"@id\":\"https:\/\/vasasbasket.hu\/index.php\/tamogatas\/#breadcrumb\"},\"inLanguage\":\"hu\",\"potentialAction\":[{\"@type\":\"ReadAction\",\"target\":[\"https:\/\/vasasbasket.hu\/index.php\/tamogatas\/\"]}]},{\"@type\":\"BreadcrumbList\",\"@id\":\"https:\/\/vasasbasket.hu\/index.php\/tamogatas\/#breadcrumb\",\"itemListElement\":[{\"@type\":\"ListItem\",\"position\":1,\"name\":\"Kezd\u0151lap\",\"item\":\"https:\/\/vasasbasket.hu\/\"},{\"@type\":\"ListItem\",\"position\":2,\"name\":\"T\u00e1mogat\u00e1s\"}]},{\"@type\":\"WebSite\",\"@id\":\"https:\/\/vasasbasket.hu\/#website\",\"url\":\"https:\/\/vasasbasket.hu\/\",\"name\":\"Vasas n\u0151i kos\u00e1rlabda\",\"description\":\"Vasas Basket N\u0151i\",\"publisher\":{\"@id\":\"https:\/\/vasasbasket.hu\/#organization\"},\"potentialAction\":[{\"@type\":\"SearchAction\",\"target\":{\"@type\":\"EntryPoint\",\"urlTemplate\":\"https:\/\/vasasbasket.hu\/?s={search_term_string}\"},\"query-input\":{\"@type\":\"PropertyValueSpecification\",\"valueRequired\":true,\"valueName\":\"search_term_string\"}}],\"inLanguage\":\"hu\"},{\"@type\":\"Organization\",\"@id\":\"https:\/\/vasasbasket.hu\/#organization\",\"name\":\"Vasas n\u0151i kos\u00e1rlabda\",\"url\":\"https:\/\/vasasbasket.hu\/\",\"logo\":{\"@type\":\"ImageObject\",\"inLanguage\":\"hu\",\"@id\":\"https:\/\/vasasbasket.hu\/#\/schema\/logo\/image\/\",\"url\":\"https:\/\/vasasbasket.hu\/wp-content\/uploads\/2017\/03\/vasas_cimer_1200.jpg\",\"contentUrl\":\"https:\/\/vasasbasket.hu\/wp-content\/uploads\/2017\/03\/vasas_cimer_1200.jpg\",\"width\":1200,\"height\":1200,\"caption\":\"Vasas n\u0151i kos\u00e1rlabda\"},\"image\":{\"@id\":\"https:\/\/vasasbasket.hu\/#\/schema\/logo\/image\/\"},\"sameAs\":[\"https:\/\/www.facebook.com\/vasaswbasket\/\"]}]}<\/script>\n<!-- \/ Yoast SEO plugin. -->","yoast_head_json":{"title":"T\u00e1mogat\u00e1s - Vasas n\u0151i kos\u00e1rlabda","robots":{"index":"index","follow":"follow","max-snippet":"max-snippet:-1","max-image-preview":"max-image-preview:large","max-video-preview":"max-video-preview:-1"},"canonical":"https:\/\/vasasbasket.hu\/index.php\/tamogatas\/","og_locale":"hu_HU","og_type":"article","og_title":"T\u00e1mogat\u00e1s - Vasas n\u0151i kos\u00e1rlabda","og_description":"[vc_row full_width=&#8221;stretch_row&#8221; css=&#8221;.vc_custom_1711614967925{padding-top: 28px !important;padding-bottom: 28px !important;}&#8221;][vc_column][vc_custom_heading text=&#8221;T\u00e1mogat\u00e1s a Vasas Kos\u00e1rlabda Akad\u00e9mi\u00e1nak&#8221; use_theme_fonts=&#8221;yes&#8221;][\/vc_column][\/vc_row][vc_row full_width=&#8221;stretch_row&#8221; css=&#8221;.vc_custom_1711614967925{padding-top: 28px !important;padding-bottom: 28px !important;}&#8221;][vc_column][vc_column_text] N\u0150I SZAKOSZT\u00c1LY T\u00e1mogassa a n\u0151i kos\u00e1rlabda szakoszt\u00e1ly m\u0171k\u00f6d\u00e9s\u00e9t az Alap\u00edtv\u00e1ny a gyermek \u00e9s ifj\u00fas\u00e1gi sport\u00e9rt-nak ny\u00fajtott adom\u00e1nnyal! [\/vc_column_text][\/vc_column][\/vc_row][vc_row][vc_column][vc_btn title=&#8221;T\u00e1mogatom&#8221; shape=&#8221;square&#8221; color=&#8221;danger&#8221; size=&#8221;lg&#8221; link=&#8221;url:https%3A%2F%2Fnoikosaradomany.pasaretsport.hu%2F|target:_blank&#8221;][\/vc_column][\/vc_row]","og_url":"https:\/\/vasasbasket.hu\/index.php\/tamogatas\/","og_site_name":"Vasas n\u0151i kos\u00e1rlabda","article_publisher":"https:\/\/www.facebook.com\/vasaswbasket\/","article_modified_time":"2024-03-28T08:39:41+00:00","twitter_card":"summary_large_image","twitter_misc":{"Becs\u00fclt olvas\u00e1si id\u0151":"1 perc"},"schema":{"@context":"https:\/\/schema.org","@graph":[{"@type":"WebPage","@id":"https:\/\/vasasbasket.hu\/index.php\/tamogatas\/","url":"https:\/\/vasasbasket.hu\/index.php\/tamogatas\/","name":"T\u00e1mogat\u00e1s - Vasas n\u0151i kos\u00e1rlabda","isPartOf":{"@id":"https:\/\/vasasbasket.hu\/#website"},"datePublished":"2016-05-11T05:43:35+00:00","dateModified":"2024-03-28T08:39:41+00:00","breadcrumb":{"@id":"https:\/\/vasasbasket.hu\/index.php\/tamogatas\/#breadcrumb"},"inLanguage":"hu","potentialAction":[{"@type":"ReadAction","target":["https:\/\/vasasbasket.hu\/index.php\/tamogatas\/"]}]},{"@type":"BreadcrumbList","@id":"https:\/\/vasasbasket.hu\/index.php\/tamogatas\/#breadcrumb","itemListElement":[{"@type":"ListItem","position":1,"name":"Kezd\u0151lap","item":"https:\/\/vasasbasket.hu\/"},{"@type":"ListItem","position":2,"name":"T\u00e1mogat\u00e1s"}]},{"@type":"WebSite","@id":"https:\/\/vasasbasket.hu\/#website","url":"https:\/\/vasasbasket.hu\/","name":"Vasas n\u0151i kos\u00e1rlabda","description":"Vasas Basket N\u0151i","publisher":{"@id":"https:\/\/vasasbasket.hu\/#organization"},"potentialAction":[{"@type":"SearchAction","target":{"@type":"EntryPoint","urlTemplate":"https:\/\/vasasbasket.hu\/?s={search_term_string}"},"query-input":{"@type":"PropertyValueSpecification","valueRequired":true,"valueName":"search_term_string"}}],"inLanguage":"hu"},{"@type":"Organization","@id":"https:\/\/vasasbasket.hu\/#organization","name":"Vasas n\u0151i kos\u00e1rlabda","url":"https:\/\/vasasbasket.hu\/","logo":{"@type":"ImageObject","inLanguage":"hu","@id":"https:\/\/vasasbasket.hu\/#\/schema\/logo\/image\/","url":"https:\/\/vasasbasket.hu\/wp-content\/uploads\/2017\/03\/vasas_cimer_1200.jpg","contentUrl":"https:\/\/vasasbasket.hu\/wp-content\/uploads\/2017\/03\/vasas_cimer_1200.jpg","width":1200,"height":1200,"caption":"Vasas n\u0151i kos\u00e1rlabda"},"image":{"@id":"https:\/\/vasasbasket.hu\/#\/schema\/logo\/image\/"},"sameAs":["https:\/\/www.facebook.com\/vasaswbasket\/"]}]}},"_links":{"self":[{"href":"https:\/\/vasasbasket.hu\/index.php\/wp-json\/wp\/v2\/pages\/12621","targetHints":{"allow":["GET"]}}],"collection":[{"href":"https:\/\/vasasbasket.hu\/index.php\/wp-json\/wp\/v2\/pages"}],"about":[{"href":"https:\/\/vasasbasket.hu\/index.php\/wp-json\/wp\/v2\/types\/page"}],"author":[{"embeddable":true,"href":"https:\/\/vasasbasket.hu\/index.php\/wp-json\/wp\/v2\/users\/1"}],"replies":[{"embeddable":true,"href":"https:\/\/vasasbasket.hu\/index.php\/wp-json\/wp\/v2\/comments?post=12621"}],"version-history":[{"count":5,"href":"https:\/\/vasasbasket.hu\/index.php\/wp-json\/wp\/v2\/pages\/12621\/revisions"}],"predecessor-version":[{"id":12890,"href":"https:\/\/vasasbasket.hu\/index.php\/wp-json\/wp\/v2\/pages\/12621\/revisions\/12890"}],"wp:attachment":[{"href":"https:\/\/vasasbasket.hu\/index.php\/wp-json\/wp\/v2\/media?parent=12621"}],"curies":[{"name":"wp","href":"https:\/\/api.w.org\/{rel}","templated":true}]}}